{"id":332,"date":"2025-04-29T17:58:07","date_gmt":"2025-04-29T16:58:07","guid":{"rendered":"https:\/\/www.parentaliteandco.com\/?page_id=332"},"modified":"2025-04-29T17:58:08","modified_gmt":"2025-04-29T16:58:08","slug":"e-book","status":"publish","type":"page","link":"https:\/\/parentaliteandco.com\/?page_id=332","title":{"rendered":"E-book"},"content":{"rendered":"\n<p><\/p>\n\n\n\n<h2 class=\"wp-block-heading\">Nos Guides Pratiques \u00e0 T\u00e9l\u00e9charger<\/h2>\n\n\n\n<p><\/p>\n\n\n\n<div class=\"wp-block-group is-nowrap is-layout-flex wp-container-core-group-is-layout-6c531013 wp-block-group-is-layout-flex\">\n<div class=\"wp-block-media-text is-stacked-on-mobile\"><figure class=\"wp-block-media-text__media\"><img loading=\"lazy\" decoding=\"async\" width=\"819\" height=\"1024\" src=\"https:\/\/www.parentaliteandco.com\/wp-content\/uploads\/2025\/04\/2_20250429_184842_0000-819x1024.png\" alt=\"\" class=\"wp-image-351 size-full\" srcset=\"https:\/\/parentaliteandco.com\/wp-content\/uploads\/2025\/04\/2_20250429_184842_0000-819x1024.png 819w, https:\/\/parentaliteandco.com\/wp-content\/uploads\/2025\/04\/2_20250429_184842_0000-240x300.png 240w, https:\/\/parentaliteandco.com\/wp-content\/uploads\/2025\/04\/2_20250429_184842_0000-768x960.png 768w, https:\/\/parentaliteandco.com\/wp-content\/uploads\/2025\/04\/2_20250429_184842_0000-1229x1536.png 1229w, https:\/\/parentaliteandco.com\/wp-content\/uploads\/2025\/04\/2_20250429_184842_0000-1638x2048.png 1638w, https:\/\/parentaliteandco.com\/wp-content\/uploads\/2025\/04\/2_20250429_184842_0000-scaled.png 2048w\" sizes=\"auto, (max-width: 819px) 100vw, 819px\" \/><\/figure><div class=\"wp-block-media-text__content\">\n<p><strong>\u00ab\u00a0Les Cl\u00e9s de la Discipline Positive \u00e0 la Maison\u00a0\u00bb :<\/strong> Un guide essentiel pour comprendre et appliquer les principes de la discipline positive au quotidien.<\/p>\n\n\n\n<div class=\"wp-block-buttons is-layout-flex wp-block-buttons-is-layout-flex\">\n<div class=\"wp-block-button\"><a class=\"wp-block-button__link has-text-color has-background has-link-color wp-element-button\" style=\"color:#fbfbfb;background-color:#080808\">T\u00e9l\u00e9charger<\/a><\/div>\n<\/div>\n<\/div><\/div>\n<\/div>\n\n\n\n<div class=\"wp-block-media-text is-stacked-on-mobile\"><figure class=\"wp-block-media-text__media\"><img loading=\"lazy\" decoding=\"async\" width=\"819\" height=\"1024\" src=\"https:\/\/www.parentaliteandco.com\/wp-content\/uploads\/2025\/04\/3_20250429_184843_0001-819x1024.png\" alt=\"\" class=\"wp-image-352 size-full\" srcset=\"https:\/\/parentaliteandco.com\/wp-content\/uploads\/2025\/04\/3_20250429_184843_0001-819x1024.png 819w, https:\/\/parentaliteandco.com\/wp-content\/uploads\/2025\/04\/3_20250429_184843_0001-240x300.png 240w, https:\/\/parentaliteandco.com\/wp-content\/uploads\/2025\/04\/3_20250429_184843_0001-768x960.png 768w, https:\/\/parentaliteandco.com\/wp-content\/uploads\/2025\/04\/3_20250429_184843_0001-1229x1536.png 1229w, https:\/\/parentaliteandco.com\/wp-content\/uploads\/2025\/04\/3_20250429_184843_0001-1638x2048.png 1638w, https:\/\/parentaliteandco.com\/wp-content\/uploads\/2025\/04\/3_20250429_184843_0001-scaled.png 2048w\" sizes=\"auto, (max-width: 819px) 100vw, 819px\" \/><\/figure><div class=\"wp-block-media-text__content\">\n<p><strong>\u00ab\u00a0Renforcer les Liens Interg\u00e9n\u00e9rationnels : Guide Pratique\u00a0\u00bb :<\/strong> Des conseils et des activit\u00e9s pour cultiver des relations enrichissantes entre les g\u00e9n\u00e9rations.<\/p>\n\n\n\n<div class=\"wp-block-buttons is-layout-flex wp-block-buttons-is-layout-flex\">\n<div class=\"wp-block-button\"><a class=\"wp-block-button__link has-text-color has-background has-link-color wp-element-button\" style=\"color:#f6f3f3;background-color:#060606\">t\u00e9l\u00e9charger<\/a><\/div>\n<\/div>\n<\/div><\/div>\n\n\n\n<div class=\"wp-block-media-text is-stacked-on-mobile\"><figure class=\"wp-block-media-text__media\"><img loading=\"lazy\" decoding=\"async\" width=\"819\" height=\"1024\" src=\"https:\/\/www.parentaliteandco.com\/wp-content\/uploads\/2025\/04\/4_20250429_184843_0002-819x1024.png\" alt=\"\" class=\"wp-image-353 size-full\" srcset=\"https:\/\/parentaliteandco.com\/wp-content\/uploads\/2025\/04\/4_20250429_184843_0002-819x1024.png 819w, https:\/\/parentaliteandco.com\/wp-content\/uploads\/2025\/04\/4_20250429_184843_0002-240x300.png 240w, https:\/\/parentaliteandco.com\/wp-content\/uploads\/2025\/04\/4_20250429_184843_0002-768x960.png 768w, https:\/\/parentaliteandco.com\/wp-content\/uploads\/2025\/04\/4_20250429_184843_0002-1229x1536.png 1229w, https:\/\/parentaliteandco.com\/wp-content\/uploads\/2025\/04\/4_20250429_184843_0002-1638x2048.png 1638w, https:\/\/parentaliteandco.com\/wp-content\/uploads\/2025\/04\/4_20250429_184843_0002-scaled.png 2048w\" sizes=\"auto, (max-width: 819px) 100vw, 819px\" \/><\/figure><div class=\"wp-block-media-text__content\">\n<p><strong>\u00ab\u00a0G\u00e9rer les \u00c9motions de Votre Enfant avec Bienveillance\u00a0\u00bb :<\/strong> Des strat\u00e9gies pour accompagner votre enfant dans la compr\u00e9hension et l&rsquo;expression de ses \u00e9motions.<\/p>\n\n\n\n<div class=\"wp-block-buttons is-layout-flex wp-block-buttons-is-layout-flex\">\n<div class=\"wp-block-button\"><a class=\"wp-block-button__link has-text-color has-background has-link-color wp-element-button\" style=\"color:#f3f3f3;background-color:#070707\">t\u00e9l\u00e9charger<\/a><\/div>\n<\/div>\n<\/div><\/div>\n\n\n\n<div class=\"wp-block-media-text is-stacked-on-mobile\"><figure class=\"wp-block-media-text__media\"><img loading=\"lazy\" decoding=\"async\" width=\"1024\" height=\"1024\" src=\"https:\/\/www.parentaliteandco.com\/wp-content\/uploads\/2025\/04\/4_20250413_175539_0002-1024x1024.png\" alt=\"\" class=\"wp-image-104 size-full\" srcset=\"https:\/\/parentaliteandco.com\/wp-content\/uploads\/2025\/04\/4_20250413_175539_0002-1024x1024.png 1024w, https:\/\/parentaliteandco.com\/wp-content\/uploads\/2025\/04\/4_20250413_175539_0002-300x300.png 300w, https:\/\/parentaliteandco.com\/wp-content\/uploads\/2025\/04\/4_20250413_175539_0002-150x150.png 150w, https:\/\/parentaliteandco.com\/wp-content\/uploads\/2025\/04\/4_20250413_175539_0002-768x768.png 768w, https:\/\/parentaliteandco.com\/wp-content\/uploads\/2025\/04\/4_20250413_175539_0002-1536x1536.png 1536w, https:\/\/parentaliteandco.com\/wp-content\/uploads\/2025\/04\/4_20250413_175539_0002-2048x2048.png 2048w\" sizes=\"auto, (max-width: 1024px) 100vw, 1024px\" \/><\/figure><div class=\"wp-block-media-text__content\">\n<p><strong>Autres e-books \u00e0 venir&#8230;<\/strong><\/p>\n<\/div><\/div>\n","protected":false},"excerpt":{"rendered":"<p>Nos Guides Pratiques \u00e0 T\u00e9l\u00e9charger \u00ab\u00a0Les Cl\u00e9s de la Discipline Positive \u00e0 la Maison\u00a0\u00bb : Un guide essentiel pour comprendre et appliquer les principes de la discipline positive au quotidien. Autres e-books \u00e0 venir&#8230;<\/p>\n","protected":false},"author":2,"featured_media":0,"parent":0,"menu_order":0,"comment_status":"closed","ping_status":"closed","template":"","meta":{"footnotes":""},"class_list":["post-332","page","type-page","status-publish","hentry"],"yoast_head":"<!-- This site is optimized with the Yoast SEO plugin v27.2 - https:\/\/yoast.com\/product\/yoast-seo-wordpress\/ -->\n<title>E-book - Parentalit\u00e9 interg\u00e9n\u00e9rationnelle &amp; co<\/title>\n<meta name=\"robots\" content=\"noindex, follow, max-snippet:-1, max-image-preview:large, max-video-preview:-1\" \/>\n<meta property=\"og:locale\" content=\"fr_FR\" \/>\n<meta property=\"og:type\" content=\"article\" \/>\n<meta property=\"og:title\" content=\"E-book - Parentalit\u00e9 interg\u00e9n\u00e9rationnelle &amp; co\" \/>\n<meta property=\"og:description\" content=\"Nos Guides Pratiques \u00e0 T\u00e9l\u00e9charger \u00ab\u00a0Les Cl\u00e9s de la Discipline Positive \u00e0 la Maison\u00a0\u00bb : Un guide essentiel pour comprendre et appliquer les principes de la discipline positive au quotidien. Autres e-books \u00e0 venir&#8230;\" \/>\n<meta property=\"og:url\" content=\"https:\/\/parentaliteandco.com\/?page_id=332\" \/>\n<meta property=\"og:site_name\" content=\"Parentalit\u00e9 interg\u00e9n\u00e9rationnelle &amp; co\" \/>\n<meta property=\"article:modified_time\" content=\"2025-04-29T16:58:08+00:00\" \/>\n<meta property=\"og:image\" content=\"https:\/\/www.parentaliteandco.com\/wp-content\/uploads\/2025\/04\/2_20250429_184842_0000-819x1024.png\" \/>\n<meta name=\"twitter:card\" content=\"summary_large_image\" \/>\n<meta name=\"twitter:label1\" content=\"Dur\u00e9e de lecture estim\u00e9e\" \/>\n\t<meta name=\"twitter:data1\" content=\"2 minutes\" \/>\n<script type=\"application\/ld+json\" class=\"yoast-schema-graph\">{\"@context\":\"https:\/\/schema.org\",\"@graph\":[{\"@type\":\"WebPage\",\"@id\":\"https:\/\/parentaliteandco.com\/?page_id=332\",\"url\":\"https:\/\/parentaliteandco.com\/?page_id=332\",\"name\":\"E-book - Parentalit\u00e9 interg\u00e9n\u00e9rationnelle &amp; co\",\"isPartOf\":{\"@id\":\"https:\/\/parentaliteandco.com\/#website\"},\"primaryImageOfPage\":{\"@id\":\"https:\/\/parentaliteandco.com\/?page_id=332#primaryimage\"},\"image\":{\"@id\":\"https:\/\/parentaliteandco.com\/?page_id=332#primaryimage\"},\"thumbnailUrl\":\"https:\/\/www.parentaliteandco.com\/wp-content\/uploads\/2025\/04\/2_20250429_184842_0000-819x1024.png\",\"datePublished\":\"2025-04-29T16:58:07+00:00\",\"dateModified\":\"2025-04-29T16:58:08+00:00\",\"breadcrumb\":{\"@id\":\"https:\/\/parentaliteandco.com\/?page_id=332#breadcrumb\"},\"inLanguage\":\"fr-FR\",\"potentialAction\":[{\"@type\":\"ReadAction\",\"target\":[\"https:\/\/parentaliteandco.com\/?page_id=332\"]}]},{\"@type\":\"ImageObject\",\"inLanguage\":\"fr-FR\",\"@id\":\"https:\/\/parentaliteandco.com\/?page_id=332#primaryimage\",\"url\":\"https:\/\/www.parentaliteandco.com\/wp-content\/uploads\/2025\/04\/2_20250429_184842_0000-819x1024.png\",\"contentUrl\":\"https:\/\/www.parentaliteandco.com\/wp-content\/uploads\/2025\/04\/2_20250429_184842_0000-819x1024.png\"},{\"@type\":\"BreadcrumbList\",\"@id\":\"https:\/\/parentaliteandco.com\/?page_id=332#breadcrumb\",\"itemListElement\":[{\"@type\":\"ListItem\",\"position\":1,\"name\":\"Accueil\",\"item\":\"https:\/\/parentaliteandco.com\/\"},{\"@type\":\"ListItem\",\"position\":2,\"name\":\"E-book\"}]},{\"@type\":\"WebSite\",\"@id\":\"https:\/\/parentaliteandco.com\/#website\",\"url\":\"https:\/\/parentaliteandco.com\/\",\"name\":\"Parentalit\u00e9 interg\u00e9n\u00e9rationnelle &amp; co\",\"description\":\"\",\"publisher\":{\"@id\":\"https:\/\/parentaliteandco.com\/#organization\"},\"potentialAction\":[{\"@type\":\"SearchAction\",\"target\":{\"@type\":\"EntryPoint\",\"urlTemplate\":\"https:\/\/parentaliteandco.com\/?s={search_term_string}\"},\"query-input\":{\"@type\":\"PropertyValueSpecification\",\"valueRequired\":true,\"valueName\":\"search_term_string\"}}],\"inLanguage\":\"fr-FR\"},{\"@type\":\"Organization\",\"@id\":\"https:\/\/parentaliteandco.com\/#organization\",\"name\":\"Parentalit\u00e9 interg\u00e9n\u00e9rationnelle &amp; co\",\"url\":\"https:\/\/parentaliteandco.com\/\",\"logo\":{\"@type\":\"ImageObject\",\"inLanguage\":\"fr-FR\",\"@id\":\"https:\/\/parentaliteandco.com\/#\/schema\/logo\/image\/\",\"url\":\"https:\/\/parentaliteandco.com\/wp-content\/uploads\/2025\/03\/Parentalite_20250331_120207_0001.png\",\"contentUrl\":\"https:\/\/parentaliteandco.com\/wp-content\/uploads\/2025\/03\/Parentalite_20250331_120207_0001.png\",\"width\":1563,\"height\":1563,\"caption\":\"Parentalit\u00e9 interg\u00e9n\u00e9rationnelle &amp; co\"},\"image\":{\"@id\":\"https:\/\/parentaliteandco.com\/#\/schema\/logo\/image\/\"}}]}<\/script>\n<!-- \/ Yoast SEO plugin. -->","yoast_head_json":{"title":"E-book - Parentalit\u00e9 interg\u00e9n\u00e9rationnelle &amp; co","robots":{"index":"noindex","follow":"follow","max-snippet":"max-snippet:-1","max-image-preview":"max-image-preview:large","max-video-preview":"max-video-preview:-1"},"og_locale":"fr_FR","og_type":"article","og_title":"E-book - Parentalit\u00e9 interg\u00e9n\u00e9rationnelle &amp; co","og_description":"Nos Guides Pratiques \u00e0 T\u00e9l\u00e9charger \u00ab\u00a0Les Cl\u00e9s de la Discipline Positive \u00e0 la Maison\u00a0\u00bb : Un guide essentiel pour comprendre et appliquer les principes de la discipline positive au quotidien. Autres e-books \u00e0 venir&#8230;","og_url":"https:\/\/parentaliteandco.com\/?page_id=332","og_site_name":"Parentalit\u00e9 interg\u00e9n\u00e9rationnelle &amp; co","article_modified_time":"2025-04-29T16:58:08+00:00","og_image":[{"url":"https:\/\/www.parentaliteandco.com\/wp-content\/uploads\/2025\/04\/2_20250429_184842_0000-819x1024.png","type":"","width":"","height":""}],"twitter_card":"summary_large_image","twitter_misc":{"Dur\u00e9e de lecture estim\u00e9e":"2 minutes"},"schema":{"@context":"https:\/\/schema.org","@graph":[{"@type":"WebPage","@id":"https:\/\/parentaliteandco.com\/?page_id=332","url":"https:\/\/parentaliteandco.com\/?page_id=332","name":"E-book - Parentalit\u00e9 interg\u00e9n\u00e9rationnelle &amp; co","isPartOf":{"@id":"https:\/\/parentaliteandco.com\/#website"},"primaryImageOfPage":{"@id":"https:\/\/parentaliteandco.com\/?page_id=332#primaryimage"},"image":{"@id":"https:\/\/parentaliteandco.com\/?page_id=332#primaryimage"},"thumbnailUrl":"https:\/\/www.parentaliteandco.com\/wp-content\/uploads\/2025\/04\/2_20250429_184842_0000-819x1024.png","datePublished":"2025-04-29T16:58:07+00:00","dateModified":"2025-04-29T16:58:08+00:00","breadcrumb":{"@id":"https:\/\/parentaliteandco.com\/?page_id=332#breadcrumb"},"inLanguage":"fr-FR","potentialAction":[{"@type":"ReadAction","target":["https:\/\/parentaliteandco.com\/?page_id=332"]}]},{"@type":"ImageObject","inLanguage":"fr-FR","@id":"https:\/\/parentaliteandco.com\/?page_id=332#primaryimage","url":"https:\/\/www.parentaliteandco.com\/wp-content\/uploads\/2025\/04\/2_20250429_184842_0000-819x1024.png","contentUrl":"https:\/\/www.parentaliteandco.com\/wp-content\/uploads\/2025\/04\/2_20250429_184842_0000-819x1024.png"},{"@type":"BreadcrumbList","@id":"https:\/\/parentaliteandco.com\/?page_id=332#breadcrumb","itemListElement":[{"@type":"ListItem","position":1,"name":"Accueil","item":"https:\/\/parentaliteandco.com\/"},{"@type":"ListItem","position":2,"name":"E-book"}]},{"@type":"WebSite","@id":"https:\/\/parentaliteandco.com\/#website","url":"https:\/\/parentaliteandco.com\/","name":"Parentalit\u00e9 interg\u00e9n\u00e9rationnelle &amp; co","description":"","publisher":{"@id":"https:\/\/parentaliteandco.com\/#organization"},"potentialAction":[{"@type":"SearchAction","target":{"@type":"EntryPoint","urlTemplate":"https:\/\/parentaliteandco.com\/?s={search_term_string}"},"query-input":{"@type":"PropertyValueSpecification","valueRequired":true,"valueName":"search_term_string"}}],"inLanguage":"fr-FR"},{"@type":"Organization","@id":"https:\/\/parentaliteandco.com\/#organization","name":"Parentalit\u00e9 interg\u00e9n\u00e9rationnelle &amp; co","url":"https:\/\/parentaliteandco.com\/","logo":{"@type":"ImageObject","inLanguage":"fr-FR","@id":"https:\/\/parentaliteandco.com\/#\/schema\/logo\/image\/","url":"https:\/\/parentaliteandco.com\/wp-content\/uploads\/2025\/03\/Parentalite_20250331_120207_0001.png","contentUrl":"https:\/\/parentaliteandco.com\/wp-content\/uploads\/2025\/03\/Parentalite_20250331_120207_0001.png","width":1563,"height":1563,"caption":"Parentalit\u00e9 interg\u00e9n\u00e9rationnelle &amp; co"},"image":{"@id":"https:\/\/parentaliteandco.com\/#\/schema\/logo\/image\/"}}]}},"_links":{"self":[{"href":"https:\/\/parentaliteandco.com\/index.php?rest_route=\/wp\/v2\/pages\/332","targetHints":{"allow":["GET"]}}],"collection":[{"href":"https:\/\/parentaliteandco.com\/index.php?rest_route=\/wp\/v2\/pages"}],"about":[{"href":"https:\/\/parentaliteandco.com\/index.php?rest_route=\/wp\/v2\/types\/page"}],"author":[{"embeddable":true,"href":"https:\/\/parentaliteandco.com\/index.php?rest_route=\/wp\/v2\/users\/2"}],"replies":[{"embeddable":true,"href":"https:\/\/parentaliteandco.com\/index.php?rest_route=%2Fwp%2Fv2%2Fcomments&post=332"}],"version-history":[{"count":1,"href":"https:\/\/parentaliteandco.com\/index.php?rest_route=\/wp\/v2\/pages\/332\/revisions"}],"predecessor-version":[{"id":354,"href":"https:\/\/parentaliteandco.com\/index.php?rest_route=\/wp\/v2\/pages\/332\/revisions\/354"}],"wp:attachment":[{"href":"https:\/\/parentaliteandco.com\/index.php?rest_route=%2Fwp%2Fv2%2Fmedia&parent=332"}],"curies":[{"name":"wp","href":"https:\/\/api.w.org\/{rel}","templated":true}]}}