{"id":329,"date":"2025-04-29T16:39:08","date_gmt":"2025-04-29T15:39:08","guid":{"rendered":"https:\/\/www.parentaliteandco.com\/?page_id=329"},"modified":"2025-04-29T17:21:47","modified_gmt":"2025-04-29T16:21:47","slug":"agenda","status":"publish","type":"page","link":"https:\/\/parentaliteandco.com\/?page_id=329","title":{"rendered":"Agenda"},"content":{"rendered":"\n<h2 class=\"wp-block-heading\">R\u00e9servez Votre Accompagnement en Ligne<\/h2>\n\n\n\n<p><\/p>\n\n\n\n<p>Je suis ravie de vous accompagner sur votre chemin vers une parentalit\u00e9 plus sereine et des liens familiaux plus forts. Choisissez le type de consultation qui vous convient et r\u00e9servez votre cr\u00e9neau en ligne.<br><\/p>\n\n\n\n<div class=\"wp-block-columns is-layout-flex wp-container-core-columns-is-layout-28f84493 wp-block-columns-is-layout-flex\">\n<div class=\"wp-block-column has-background is-layout-flow wp-block-column-is-layout-flow\" style=\"background-color:#e1f9f7;flex-basis:100%\"><div class=\"wpforms-container wpforms-container-full wpforms-block wpforms-block-0d09bbc8-98f0-4f8c-b017-fec75bfe4324 wpforms-render-modern\" id=\"wpforms-344\"><form id=\"wpforms-form-344\" class=\"wpforms-validate wpforms-form wpforms-ajax-form\" data-formid=\"344\" method=\"post\" enctype=\"multipart\/form-data\" action=\"\/index.php?rest_route=%2Fwp%2Fv2%2Fpages%2F329\" data-token=\"877e0b3959ffb9cf83718a80ddec0aa6\" data-token-time=\"1776774743\"><noscript class=\"wpforms-error-noscript\">Veuillez activer JavaScript dans votre navigateur pour remplir ce formulaire.<\/noscript><div id=\"wpforms-error-noscript\" style=\"display: none;\">Veuillez activer JavaScript dans votre navigateur pour remplir ce formulaire.<\/div><div class=\"wpforms-field-container\"><div id=\"wpforms-344-field_1-container\" class=\"wpforms-field wpforms-field-name\" data-field-id=\"1\"><fieldset><legend class=\"wpforms-field-label\">Nom <span class=\"wpforms-required-label\" aria-hidden=\"true\">*<\/span><\/legend><div class=\"wpforms-field-row wpforms-field-medium\"><div class=\"wpforms-field-row-block wpforms-first wpforms-one-half\"><input type=\"text\" id=\"wpforms-344-field_1\" class=\"wpforms-field-name-first wpforms-field-required\" name=\"wpforms[fields][1][first]\" aria-errormessage=\"wpforms-344-field_1-error\" required><label for=\"wpforms-344-field_1\" class=\"wpforms-field-sublabel after\">Pr\u00e9nom<\/label><\/div><div class=\"wpforms-field-row-block wpforms-one-half\"><input type=\"text\" id=\"wpforms-344-field_1-last\" class=\"wpforms-field-name-last wpforms-field-required\" name=\"wpforms[fields][1][last]\" aria-errormessage=\"wpforms-344-field_1-last-error\" required><label for=\"wpforms-344-field_1-last\" class=\"wpforms-field-sublabel after\">Nom<\/label><\/div><\/div><\/fieldset><\/div>\t\t<div id=\"wpforms-344-field_4-container\"\n\t\t\tclass=\"wpforms-field wpforms-field-text\"\n\t\t\tdata-field-type=\"text\"\n\t\t\tdata-field-id=\"4\"\n\t\t\t>\n\t\t\t<label class=\"wpforms-field-label\" for=\"wpforms-344-field_4\" >message Commentaire Nom<\/label>\n\t\t\t<input type=\"text\" id=\"wpforms-344-field_4\" class=\"wpforms-field-medium\" name=\"wpforms[fields][4]\" >\n\t\t<\/div>\n\t\t<div id=\"wpforms-344-field_2-container\" class=\"wpforms-field wpforms-field-email\" data-field-id=\"2\"><label class=\"wpforms-field-label\" for=\"wpforms-344-field_2\">E-mail <span class=\"wpforms-required-label\" aria-hidden=\"true\">*<\/span><\/label><input type=\"email\" id=\"wpforms-344-field_2\" class=\"wpforms-field-medium wpforms-field-required\" name=\"wpforms[fields][2]\" spellcheck=\"false\" aria-errormessage=\"wpforms-344-field_2-error\" required><\/div><div id=\"wpforms-344-field_5-container\" class=\"wpforms-field wpforms-field-radio\" data-field-id=\"5\"><fieldset><legend class=\"wpforms-field-label\">Choix multiple<\/legend><ul id=\"wpforms-344-field_5\"><li class=\"choice-1 depth-1\"><input type=\"radio\" id=\"wpforms-344-field_5_1\" name=\"wpforms[fields][5]\" value=\"Consultation D\u00e9couverte (15 minutes - Gratuite)\" aria-errormessage=\"wpforms-344-field_5_1-error\"  ><label class=\"wpforms-field-label-inline\" for=\"wpforms-344-field_5_1\">Consultation D\u00e9couverte (15 minutes &#8211; Gratuite)<\/label><\/li><li class=\"choice-2 depth-1\"><input type=\"radio\" id=\"wpforms-344-field_5_2\" name=\"wpforms[fields][5]\" value=\"S\u00e9ance de Coaching Parental Individuel (1 heure)\" aria-errormessage=\"wpforms-344-field_5_2-error\"  ><label class=\"wpforms-field-label-inline\" for=\"wpforms-344-field_5_2\">S\u00e9ance de Coaching Parental Individuel (1 heure)<\/label><\/li><li class=\"choice-3 depth-1\"><input type=\"radio\" id=\"wpforms-344-field_5_3\" name=\"wpforms[fields][5]\" value=\"S\u00e9ance d&#039;Accompagnement Interg\u00e9n\u00e9rationnel (1h30)\" aria-errormessage=\"wpforms-344-field_5_3-error\"  ><label class=\"wpforms-field-label-inline\" for=\"wpforms-344-field_5_3\">S\u00e9ance d&rsquo;Accompagnement Interg\u00e9n\u00e9rationnel (1h30)<\/label><\/li><li class=\"choice-4 depth-1\"><input type=\"radio\" id=\"wpforms-344-field_5_4\" name=\"wpforms[fields][5]\" value=\"Atelier Th\u00e9matique (dur\u00e9e variable)\" aria-errormessage=\"wpforms-344-field_5_4-error\"  ><label class=\"wpforms-field-label-inline\" for=\"wpforms-344-field_5_4\">Atelier Th\u00e9matique (dur\u00e9e variable)<\/label><\/li><\/ul><\/fieldset><\/div><div id=\"wpforms-344-field_3-container\" class=\"wpforms-field wpforms-field-textarea\" data-field-id=\"3\"><label class=\"wpforms-field-label\" for=\"wpforms-344-field_3\">Commentaire ou message<\/label><textarea id=\"wpforms-344-field_3\" class=\"wpforms-field-medium\" name=\"wpforms[fields][3]\" aria-errormessage=\"wpforms-344-field_3-error\" ><\/textarea><\/div><script>\n\t\t\t\t( function() {\n\t\t\t\t\tconst style = document.createElement( 'style' );\n\t\t\t\t\tstyle.appendChild( document.createTextNode( '#wpforms-344-field_4-container { position: absolute !important; overflow: hidden !important; display: inline !important; height: 1px !important; width: 1px !important; z-index: -1000 !important; padding: 0 !important; } #wpforms-344-field_4-container input { visibility: hidden; } #wpforms-conversational-form-page #wpforms-344-field_4-container label { counter-increment: none; }' ) );\n\t\t\t\t\tdocument.head.appendChild( style );\n\t\t\t\t\tdocument.currentScript?.remove();\n\t\t\t\t} )();\n\t\t\t<\/script><\/div><!-- .wpforms-field-container --><div class=\"wpforms-submit-container\" ><input type=\"hidden\" name=\"wpforms[id]\" value=\"344\"><input type=\"hidden\" name=\"page_title\" value=\"\"><input type=\"hidden\" name=\"page_url\" value=\"https:\/\/parentaliteandco.com\/index.php?rest_route=\/wp\/v2\/pages\/329\"><input type=\"hidden\" name=\"url_referer\" value=\"\"><button type=\"submit\" name=\"wpforms[submit]\" id=\"wpforms-submit-344\" class=\"wpforms-submit\" data-alt-text=\"Envoi...\" data-submit-text=\"Envoyer\" aria-live=\"assertive\" value=\"wpforms-submit\">Envoyer<\/button><img loading=\"lazy\" decoding=\"async\" src=\"https:\/\/parentaliteandco.com\/wp-content\/plugins\/wpforms-lite\/assets\/images\/submit-spin.svg\" class=\"wpforms-submit-spinner\" style=\"display: none;\" width=\"26\" height=\"26\" alt=\"Chargement en cours\"><\/div><\/form><\/div>  <!-- .wpforms-container --><\/div>\n<\/div>\n\n\n\n<p><strong>Informations pratiques<\/strong><\/p>\n\n\n\n<div class=\"wp-block-group is-nowrap is-layout-flex wp-container-core-group-is-layout-6c531013 wp-block-group-is-layout-flex\">\n<ul class=\"wp-block-list\">\n<li>Les consultations se d\u00e9roulent en ligne via visioconf\u00e9rence (Zoom, Google Meet, etc.).<\/li>\n\n\n\n<li>Apr\u00e8s votre r\u00e9servation, vous recevrez une confirmation par email avec les instructions de connexion.<\/li>\n\n\n\n<li>Pour toute question ou demande sp\u00e9cifique, n&rsquo;h\u00e9sitez pas \u00e0 me contacter via la page \u00ab\u00a0Contact\u00a0\u00bb.<\/li>\n<\/ul>\n<\/div>\n","protected":false},"excerpt":{"rendered":"<p>R\u00e9servez Votre Accompagnement en Ligne Je suis ravie de vous accompagner sur votre chemin vers une parentalit\u00e9 plus sereine et des liens familiaux plus forts. Choisissez le type de consultation qui vous convient et r\u00e9servez votre cr\u00e9neau en ligne. Informations pratiques<\/p>\n","protected":false},"author":2,"featured_media":0,"parent":0,"menu_order":0,"comment_status":"closed","ping_status":"closed","template":"","meta":{"footnotes":""},"class_list":["post-329","page","type-page","status-publish","hentry"],"yoast_head":"<!-- This site is optimized with the Yoast SEO plugin v27.2 - https:\/\/yoast.com\/product\/yoast-seo-wordpress\/ -->\n<title>Agenda - Parentalit\u00e9 interg\u00e9n\u00e9rationnelle &amp; co<\/title>\n<meta name=\"robots\" content=\"noindex, follow, max-snippet:-1, max-image-preview:large, max-video-preview:-1\" \/>\n<meta property=\"og:locale\" content=\"fr_FR\" \/>\n<meta property=\"og:type\" content=\"article\" \/>\n<meta property=\"og:title\" content=\"Agenda - Parentalit\u00e9 interg\u00e9n\u00e9rationnelle &amp; co\" \/>\n<meta property=\"og:description\" content=\"R\u00e9servez Votre Accompagnement en Ligne Je suis ravie de vous accompagner sur votre chemin vers une parentalit\u00e9 plus sereine et des liens familiaux plus forts. Choisissez le type de consultation qui vous convient et r\u00e9servez votre cr\u00e9neau en ligne. Informations pratiques\" \/>\n<meta property=\"og:url\" content=\"https:\/\/parentaliteandco.com\/?page_id=329\" \/>\n<meta property=\"og:site_name\" content=\"Parentalit\u00e9 interg\u00e9n\u00e9rationnelle &amp; co\" \/>\n<meta property=\"article:modified_time\" content=\"2025-04-29T16:21:47+00:00\" \/>\n<meta name=\"twitter:card\" content=\"summary_large_image\" \/>\n<meta name=\"twitter:label1\" content=\"Dur\u00e9e de lecture estim\u00e9e\" \/>\n\t<meta name=\"twitter:data1\" content=\"1 minute\" \/>\n<script type=\"application\/ld+json\" class=\"yoast-schema-graph\">{\"@context\":\"https:\/\/schema.org\",\"@graph\":[{\"@type\":\"WebPage\",\"@id\":\"https:\/\/parentaliteandco.com\/?page_id=329\",\"url\":\"https:\/\/parentaliteandco.com\/?page_id=329\",\"name\":\"Agenda - Parentalit\u00e9 interg\u00e9n\u00e9rationnelle &amp; co\",\"isPartOf\":{\"@id\":\"https:\/\/parentaliteandco.com\/#website\"},\"datePublished\":\"2025-04-29T15:39:08+00:00\",\"dateModified\":\"2025-04-29T16:21:47+00:00\",\"breadcrumb\":{\"@id\":\"https:\/\/parentaliteandco.com\/?page_id=329#breadcrumb\"},\"inLanguage\":\"fr-FR\",\"potentialAction\":[{\"@type\":\"ReadAction\",\"target\":[\"https:\/\/parentaliteandco.com\/?page_id=329\"]}]},{\"@type\":\"BreadcrumbList\",\"@id\":\"https:\/\/parentaliteandco.com\/?page_id=329#breadcrumb\",\"itemListElement\":[{\"@type\":\"ListItem\",\"position\":1,\"name\":\"Accueil\",\"item\":\"https:\/\/parentaliteandco.com\/\"},{\"@type\":\"ListItem\",\"position\":2,\"name\":\"Agenda\"}]},{\"@type\":\"WebSite\",\"@id\":\"https:\/\/parentaliteandco.com\/#website\",\"url\":\"https:\/\/parentaliteandco.com\/\",\"name\":\"Parentalit\u00e9 interg\u00e9n\u00e9rationnelle &amp; co\",\"description\":\"\",\"publisher\":{\"@id\":\"https:\/\/parentaliteandco.com\/#organization\"},\"potentialAction\":[{\"@type\":\"SearchAction\",\"target\":{\"@type\":\"EntryPoint\",\"urlTemplate\":\"https:\/\/parentaliteandco.com\/?s={search_term_string}\"},\"query-input\":{\"@type\":\"PropertyValueSpecification\",\"valueRequired\":true,\"valueName\":\"search_term_string\"}}],\"inLanguage\":\"fr-FR\"},{\"@type\":\"Organization\",\"@id\":\"https:\/\/parentaliteandco.com\/#organization\",\"name\":\"Parentalit\u00e9 interg\u00e9n\u00e9rationnelle &amp; co\",\"url\":\"https:\/\/parentaliteandco.com\/\",\"logo\":{\"@type\":\"ImageObject\",\"inLanguage\":\"fr-FR\",\"@id\":\"https:\/\/parentaliteandco.com\/#\/schema\/logo\/image\/\",\"url\":\"https:\/\/parentaliteandco.com\/wp-content\/uploads\/2025\/03\/Parentalite_20250331_120207_0001.png\",\"contentUrl\":\"https:\/\/parentaliteandco.com\/wp-content\/uploads\/2025\/03\/Parentalite_20250331_120207_0001.png\",\"width\":1563,\"height\":1563,\"caption\":\"Parentalit\u00e9 interg\u00e9n\u00e9rationnelle &amp; co\"},\"image\":{\"@id\":\"https:\/\/parentaliteandco.com\/#\/schema\/logo\/image\/\"}}]}<\/script>\n<!-- \/ Yoast SEO plugin. -->","yoast_head_json":{"title":"Agenda - Parentalit\u00e9 interg\u00e9n\u00e9rationnelle &amp; co","robots":{"index":"noindex","follow":"follow","max-snippet":"max-snippet:-1","max-image-preview":"max-image-preview:large","max-video-preview":"max-video-preview:-1"},"og_locale":"fr_FR","og_type":"article","og_title":"Agenda - Parentalit\u00e9 interg\u00e9n\u00e9rationnelle &amp; co","og_description":"R\u00e9servez Votre Accompagnement en Ligne Je suis ravie de vous accompagner sur votre chemin vers une parentalit\u00e9 plus sereine et des liens familiaux plus forts. Choisissez le type de consultation qui vous convient et r\u00e9servez votre cr\u00e9neau en ligne. Informations pratiques","og_url":"https:\/\/parentaliteandco.com\/?page_id=329","og_site_name":"Parentalit\u00e9 interg\u00e9n\u00e9rationnelle &amp; co","article_modified_time":"2025-04-29T16:21:47+00:00","twitter_card":"summary_large_image","twitter_misc":{"Dur\u00e9e de lecture estim\u00e9e":"1 minute"},"schema":{"@context":"https:\/\/schema.org","@graph":[{"@type":"WebPage","@id":"https:\/\/parentaliteandco.com\/?page_id=329","url":"https:\/\/parentaliteandco.com\/?page_id=329","name":"Agenda - Parentalit\u00e9 interg\u00e9n\u00e9rationnelle &amp; co","isPartOf":{"@id":"https:\/\/parentaliteandco.com\/#website"},"datePublished":"2025-04-29T15:39:08+00:00","dateModified":"2025-04-29T16:21:47+00:00","breadcrumb":{"@id":"https:\/\/parentaliteandco.com\/?page_id=329#breadcrumb"},"inLanguage":"fr-FR","potentialAction":[{"@type":"ReadAction","target":["https:\/\/parentaliteandco.com\/?page_id=329"]}]},{"@type":"BreadcrumbList","@id":"https:\/\/parentaliteandco.com\/?page_id=329#breadcrumb","itemListElement":[{"@type":"ListItem","position":1,"name":"Accueil","item":"https:\/\/parentaliteandco.com\/"},{"@type":"ListItem","position":2,"name":"Agenda"}]},{"@type":"WebSite","@id":"https:\/\/parentaliteandco.com\/#website","url":"https:\/\/parentaliteandco.com\/","name":"Parentalit\u00e9 interg\u00e9n\u00e9rationnelle &amp; co","description":"","publisher":{"@id":"https:\/\/parentaliteandco.com\/#organization"},"potentialAction":[{"@type":"SearchAction","target":{"@type":"EntryPoint","urlTemplate":"https:\/\/parentaliteandco.com\/?s={search_term_string}"},"query-input":{"@type":"PropertyValueSpecification","valueRequired":true,"valueName":"search_term_string"}}],"inLanguage":"fr-FR"},{"@type":"Organization","@id":"https:\/\/parentaliteandco.com\/#organization","name":"Parentalit\u00e9 interg\u00e9n\u00e9rationnelle &amp; co","url":"https:\/\/parentaliteandco.com\/","logo":{"@type":"ImageObject","inLanguage":"fr-FR","@id":"https:\/\/parentaliteandco.com\/#\/schema\/logo\/image\/","url":"https:\/\/parentaliteandco.com\/wp-content\/uploads\/2025\/03\/Parentalite_20250331_120207_0001.png","contentUrl":"https:\/\/parentaliteandco.com\/wp-content\/uploads\/2025\/03\/Parentalite_20250331_120207_0001.png","width":1563,"height":1563,"caption":"Parentalit\u00e9 interg\u00e9n\u00e9rationnelle &amp; co"},"image":{"@id":"https:\/\/parentaliteandco.com\/#\/schema\/logo\/image\/"}}]}},"_links":{"self":[{"href":"https:\/\/parentaliteandco.com\/index.php?rest_route=\/wp\/v2\/pages\/329","targetHints":{"allow":["GET"]}}],"collection":[{"href":"https:\/\/parentaliteandco.com\/index.php?rest_route=\/wp\/v2\/pages"}],"about":[{"href":"https:\/\/parentaliteandco.com\/index.php?rest_route=\/wp\/v2\/types\/page"}],"author":[{"embeddable":true,"href":"https:\/\/parentaliteandco.com\/index.php?rest_route=\/wp\/v2\/users\/2"}],"replies":[{"embeddable":true,"href":"https:\/\/parentaliteandco.com\/index.php?rest_route=%2Fwp%2Fv2%2Fcomments&post=329"}],"version-history":[{"count":2,"href":"https:\/\/parentaliteandco.com\/index.php?rest_route=\/wp\/v2\/pages\/329\/revisions"}],"predecessor-version":[{"id":348,"href":"https:\/\/parentaliteandco.com\/index.php?rest_route=\/wp\/v2\/pages\/329\/revisions\/348"}],"wp:attachment":[{"href":"https:\/\/parentaliteandco.com\/index.php?rest_route=%2Fwp%2Fv2%2Fmedia&parent=329"}],"curies":[{"name":"wp","href":"https:\/\/api.w.org\/{rel}","templated":true}]}}