{"id":27,"date":"2025-03-31T10:34:00","date_gmt":"2025-03-31T09:34:00","guid":{"rendered":"https:\/\/www.parentaliteandco.com\/?page_id=27"},"modified":"2025-04-30T07:09:27","modified_gmt":"2025-04-30T06:09:27","slug":"contact","status":"publish","type":"page","link":"https:\/\/parentaliteandco.com\/?page_id=27","title":{"rendered":"Contactez-Nous"},"content":{"rendered":"\n<section class=\"wp-block-group alignfull is-style-default has-text-color has-global-padding is-layout-constrained wp-container-core-group-is-layout-4252d6ba wp-block-group-is-layout-constrained\" style=\"color:#03081e;margin-top:0px;padding-top:6.51rem;padding-right:1rem;padding-bottom:5.5rem;padding-left:1rem;font-size:clamp(0.875rem, 0.875rem + ((1vw - 0.2rem) * 0.464), 1.13rem);font-style:normal;font-weight:400;line-height:1.4\">\n<div class=\"wp-block-group alignfull has-text-color has-global-padding is-layout-constrained wp-container-core-group-is-layout-9f6dfefa wp-block-group-is-layout-constrained\" style=\"color:#252525;margin-top:0px;padding-top:0rem;padding-right:1rem;padding-bottom:0rem;padding-left:1rem;font-size:clamp(0.875rem, 0.875rem + ((1vw - 0.2rem) * 0.464), 1.13rem);font-style:normal;font-weight:400;line-height:1.4\">\n<div class=\"wp-block-group alignwide has-global-padding is-layout-constrained wp-block-group-is-layout-constrained\">\n<div class=\"wp-block-group has-global-padding is-layout-constrained wp-block-group-is-layout-constrained\">\n<h2 class=\"wp-block-heading has-text-align-center has-text-color\" style=\"color:#07277c;margin-bottom:0.51rem;font-size:clamp(1.307rem, 1.307rem + ((1vw - 0.2rem) * 1.46), 2.11rem);font-style:normal;font-weight:500;line-height:1.2\"><\/h2>\n\n\n\n<p class=\"has-text-align-center has-text-color\" style=\"color:#575763;margin-top:0rem;font-size:clamp(0.875rem, 0.875rem + ((1vw - 0.2rem) * 0.064), 0.91rem);font-style:normal;font-weight:400;line-height:1.5\">Je suis \u00e0 votre \u00e9coute pour r\u00e9pondre \u00e0 vos questions, discuter de vos besoins et vous accompagner sur le chemin d&rsquo;une parentalit\u00e9 \u00e9panouie et de liens familiaux renforc\u00e9s. N&rsquo;h\u00e9sitez pas \u00e0 me contacter via le formulaire ci-dessous ou par email.<br><\/p>\n<\/div>\n<\/div>\n<\/div>\n\n\n<div class=\"wpforms-container wpforms-container-full wpforms-block wpforms-block-5efd2e95-2ad6-4416-aa0a-500ac12ff172 wpforms-render-modern\" id=\"wpforms-192\"><form id=\"wpforms-form-192\" class=\"wpforms-validate wpforms-form wpforms-ajax-form\" data-formid=\"192\" method=\"post\" enctype=\"multipart\/form-data\" action=\"\/index.php?rest_route=%2Fwp%2Fv2%2Fpages%2F27\" data-token=\"8ff9d334c09eee2afabfd28f14c6a239\" data-token-time=\"1776775516\"><noscript class=\"wpforms-error-noscript\">Veuillez activer JavaScript dans votre navigateur pour remplir ce formulaire.<\/noscript><div id=\"wpforms-error-noscript\" style=\"display: none;\">Veuillez activer JavaScript dans votre navigateur pour remplir ce formulaire.<\/div><div class=\"wpforms-field-container\"><div id=\"wpforms-192-field_1-container\" class=\"wpforms-field wpforms-field-name\" data-field-id=\"1\"><fieldset><legend class=\"wpforms-field-label\">Nom <span class=\"wpforms-required-label\" aria-hidden=\"true\">*<\/span><\/legend><div class=\"wpforms-field-row wpforms-field-large\"><div class=\"wpforms-field-row-block wpforms-first wpforms-one-half\"><input type=\"text\" id=\"wpforms-192-field_1\" class=\"wpforms-field-name-first wpforms-field-required\" name=\"wpforms[fields][1][first]\" aria-errormessage=\"wpforms-192-field_1-error\" required><label for=\"wpforms-192-field_1\" class=\"wpforms-field-sublabel after\">Pr\u00e9nom<\/label><\/div><div class=\"wpforms-field-row-block wpforms-one-half\"><input type=\"text\" id=\"wpforms-192-field_1-last\" class=\"wpforms-field-name-last wpforms-field-required\" name=\"wpforms[fields][1][last]\" aria-errormessage=\"wpforms-192-field_1-last-error\" required><label for=\"wpforms-192-field_1-last\" class=\"wpforms-field-sublabel after\">Nom<\/label><\/div><\/div><\/fieldset><\/div>\t\t<div id=\"wpforms-192-field_5-container\"\n\t\t\tclass=\"wpforms-field wpforms-field-text\"\n\t\t\tdata-field-type=\"text\"\n\t\t\tdata-field-id=\"5\"\n\t\t\t>\n\t\t\t<label class=\"wpforms-field-label\" for=\"wpforms-192-field_5\" >message besoins ou<\/label>\n\t\t\t<input type=\"text\" id=\"wpforms-192-field_5\" class=\"wpforms-field-medium\" name=\"wpforms[fields][5]\" >\n\t\t<\/div>\n\t\t<div id=\"wpforms-192-field_2-container\" class=\"wpforms-field wpforms-field-email\" data-field-id=\"2\"><label class=\"wpforms-field-label\" for=\"wpforms-192-field_2\">E-mail <span class=\"wpforms-required-label\" aria-hidden=\"true\">*<\/span><\/label><input type=\"email\" id=\"wpforms-192-field_2\" class=\"wpforms-field-large wpforms-field-required\" name=\"wpforms[fields][2]\" spellcheck=\"false\" aria-errormessage=\"wpforms-192-field_2-error\" required><\/div><div id=\"wpforms-192-field_4-container\" class=\"wpforms-field wpforms-field-radio\" data-field-id=\"4\"><fieldset><legend class=\"wpforms-field-label\">Vos besoins<\/legend><ul id=\"wpforms-192-field_4\"><li class=\"choice-1 depth-1\"><input type=\"radio\" id=\"wpforms-192-field_4_1\" name=\"wpforms[fields][4]\" value=\"Coaching individuel\" aria-errormessage=\"wpforms-192-field_4_1-error\"  ><label class=\"wpforms-field-label-inline\" for=\"wpforms-192-field_4_1\">Coaching individuel<\/label><\/li><li class=\"choice-2 depth-1\"><input type=\"radio\" id=\"wpforms-192-field_4_2\" name=\"wpforms[fields][4]\" value=\"Conf\u00e9rences\" aria-errormessage=\"wpforms-192-field_4_2-error\"  ><label class=\"wpforms-field-label-inline\" for=\"wpforms-192-field_4_2\">Conf\u00e9rences<\/label><\/li><li class=\"choice-3 depth-1\"><input type=\"radio\" id=\"wpforms-192-field_4_3\" name=\"wpforms[fields][4]\" value=\"Autres\" aria-errormessage=\"wpforms-192-field_4_3-error\"  ><label class=\"wpforms-field-label-inline\" for=\"wpforms-192-field_4_3\">Autres<\/label><\/li><\/ul><\/fieldset><\/div><div id=\"wpforms-192-field_3-container\" class=\"wpforms-field wpforms-field-textarea\" data-field-id=\"3\"><label class=\"wpforms-field-label\" for=\"wpforms-192-field_3\">Commentaire ou message<\/label><textarea id=\"wpforms-192-field_3\" class=\"wpforms-field-medium\" name=\"wpforms[fields][3]\" aria-errormessage=\"wpforms-192-field_3-error\" ><\/textarea><\/div><script>\n\t\t\t\t( function() {\n\t\t\t\t\tconst style = document.createElement( 'style' );\n\t\t\t\t\tstyle.appendChild( document.createTextNode( '#wpforms-192-field_5-container { position: absolute !important; overflow: hidden !important; display: inline !important; height: 1px !important; width: 1px !important; z-index: -1000 !important; padding: 0 !important; } #wpforms-192-field_5-container input { visibility: hidden; } #wpforms-conversational-form-page #wpforms-192-field_5-container label { counter-increment: none; }' ) );\n\t\t\t\t\tdocument.head.appendChild( style );\n\t\t\t\t\tdocument.currentScript?.remove();\n\t\t\t\t} )();\n\t\t\t<\/script><\/div><!-- .wpforms-field-container --><div class=\"wpforms-submit-container\" ><input type=\"hidden\" name=\"wpforms[id]\" value=\"192\"><input type=\"hidden\" name=\"page_title\" value=\"\"><input type=\"hidden\" name=\"page_url\" value=\"https:\/\/parentaliteandco.com\/index.php?rest_route=\/wp\/v2\/pages\/27\"><input type=\"hidden\" name=\"url_referer\" value=\"\"><button type=\"submit\" name=\"wpforms[submit]\" id=\"wpforms-submit-192\" class=\"wpforms-submit\" data-alt-text=\"Envoi...\" data-submit-text=\"Envoyer\" aria-live=\"assertive\" value=\"wpforms-submit\">Envoyer<\/button><img loading=\"lazy\" decoding=\"async\" src=\"https:\/\/parentaliteandco.com\/wp-content\/plugins\/wpforms-lite\/assets\/images\/submit-spin.svg\" class=\"wpforms-submit-spinner\" style=\"display: none;\" width=\"26\" height=\"26\" alt=\"Chargement en cours\"><\/div><\/form><\/div>  <!-- .wpforms-container --><\/section>\n","protected":false},"excerpt":{"rendered":"<p>Je suis \u00e0 votre \u00e9coute pour r\u00e9pondre \u00e0 vos questions, discuter de vos besoins et vous accompagner sur le chemin d&rsquo;une parentalit\u00e9 \u00e9panouie et de liens familiaux renforc\u00e9s. N&rsquo;h\u00e9sitez pas \u00e0 me contacter via le formulaire ci-dessous ou par email.<\/p>\n","protected":false},"author":2,"featured_media":0,"parent":0,"menu_order":0,"comment_status":"closed","ping_status":"closed","template":"","meta":{"footnotes":""},"class_list":["post-27","page","type-page","status-publish","hentry"],"yoast_head":"<!-- This site is optimized with the Yoast SEO plugin v27.2 - https:\/\/yoast.com\/product\/yoast-seo-wordpress\/ -->\n<title>Contactez-Nous - Parentalit\u00e9 interg\u00e9n\u00e9rationnelle &amp; co<\/title>\n<meta name=\"robots\" content=\"noindex, follow, max-snippet:-1, max-image-preview:large, max-video-preview:-1\" \/>\n<meta property=\"og:locale\" content=\"fr_FR\" \/>\n<meta property=\"og:type\" content=\"article\" \/>\n<meta property=\"og:title\" content=\"Contactez-Nous - Parentalit\u00e9 interg\u00e9n\u00e9rationnelle &amp; co\" \/>\n<meta property=\"og:description\" content=\"Je suis \u00e0 votre \u00e9coute pour r\u00e9pondre \u00e0 vos questions, discuter de vos besoins et vous accompagner sur le chemin d&rsquo;une parentalit\u00e9 \u00e9panouie et de liens familiaux renforc\u00e9s. N&rsquo;h\u00e9sitez pas \u00e0 me contacter via le formulaire ci-dessous ou par email.\" \/>\n<meta property=\"og:url\" content=\"https:\/\/parentaliteandco.com\/?page_id=27\" \/>\n<meta property=\"og:site_name\" content=\"Parentalit\u00e9 interg\u00e9n\u00e9rationnelle &amp; co\" \/>\n<meta property=\"article:modified_time\" content=\"2025-04-30T06:09:27+00:00\" \/>\n<meta name=\"twitter:card\" content=\"summary_large_image\" \/>\n<meta name=\"twitter:label1\" content=\"Dur\u00e9e de lecture estim\u00e9e\" \/>\n\t<meta name=\"twitter:data1\" content=\"1 minute\" \/>\n<script type=\"application\/ld+json\" class=\"yoast-schema-graph\">{\"@context\":\"https:\/\/schema.org\",\"@graph\":[{\"@type\":\"WebPage\",\"@id\":\"https:\/\/parentaliteandco.com\/?page_id=27\",\"url\":\"https:\/\/parentaliteandco.com\/?page_id=27\",\"name\":\"Contactez-Nous - Parentalit\u00e9 interg\u00e9n\u00e9rationnelle &amp; co\",\"isPartOf\":{\"@id\":\"https:\/\/parentaliteandco.com\/#website\"},\"datePublished\":\"2025-03-31T09:34:00+00:00\",\"dateModified\":\"2025-04-30T06:09:27+00:00\",\"breadcrumb\":{\"@id\":\"https:\/\/parentaliteandco.com\/?page_id=27#breadcrumb\"},\"inLanguage\":\"fr-FR\",\"potentialAction\":[{\"@type\":\"ReadAction\",\"target\":[\"https:\/\/parentaliteandco.com\/?page_id=27\"]}]},{\"@type\":\"BreadcrumbList\",\"@id\":\"https:\/\/parentaliteandco.com\/?page_id=27#breadcrumb\",\"itemListElement\":[{\"@type\":\"ListItem\",\"position\":1,\"name\":\"Accueil\",\"item\":\"https:\/\/parentaliteandco.com\/\"},{\"@type\":\"ListItem\",\"position\":2,\"name\":\"Contactez-Nous\"}]},{\"@type\":\"WebSite\",\"@id\":\"https:\/\/parentaliteandco.com\/#website\",\"url\":\"https:\/\/parentaliteandco.com\/\",\"name\":\"Parentalit\u00e9 interg\u00e9n\u00e9rationnelle &amp; co\",\"description\":\"\",\"publisher\":{\"@id\":\"https:\/\/parentaliteandco.com\/#organization\"},\"potentialAction\":[{\"@type\":\"SearchAction\",\"target\":{\"@type\":\"EntryPoint\",\"urlTemplate\":\"https:\/\/parentaliteandco.com\/?s={search_term_string}\"},\"query-input\":{\"@type\":\"PropertyValueSpecification\",\"valueRequired\":true,\"valueName\":\"search_term_string\"}}],\"inLanguage\":\"fr-FR\"},{\"@type\":\"Organization\",\"@id\":\"https:\/\/parentaliteandco.com\/#organization\",\"name\":\"Parentalit\u00e9 interg\u00e9n\u00e9rationnelle &amp; co\",\"url\":\"https:\/\/parentaliteandco.com\/\",\"logo\":{\"@type\":\"ImageObject\",\"inLanguage\":\"fr-FR\",\"@id\":\"https:\/\/parentaliteandco.com\/#\/schema\/logo\/image\/\",\"url\":\"https:\/\/parentaliteandco.com\/wp-content\/uploads\/2025\/03\/Parentalite_20250331_120207_0001.png\",\"contentUrl\":\"https:\/\/parentaliteandco.com\/wp-content\/uploads\/2025\/03\/Parentalite_20250331_120207_0001.png\",\"width\":1563,\"height\":1563,\"caption\":\"Parentalit\u00e9 interg\u00e9n\u00e9rationnelle &amp; co\"},\"image\":{\"@id\":\"https:\/\/parentaliteandco.com\/#\/schema\/logo\/image\/\"}}]}<\/script>\n<!-- \/ Yoast SEO plugin. -->","yoast_head_json":{"title":"Contactez-Nous - Parentalit\u00e9 interg\u00e9n\u00e9rationnelle &amp; co","robots":{"index":"noindex","follow":"follow","max-snippet":"max-snippet:-1","max-image-preview":"max-image-preview:large","max-video-preview":"max-video-preview:-1"},"og_locale":"fr_FR","og_type":"article","og_title":"Contactez-Nous - Parentalit\u00e9 interg\u00e9n\u00e9rationnelle &amp; co","og_description":"Je suis \u00e0 votre \u00e9coute pour r\u00e9pondre \u00e0 vos questions, discuter de vos besoins et vous accompagner sur le chemin d&rsquo;une parentalit\u00e9 \u00e9panouie et de liens familiaux renforc\u00e9s. N&rsquo;h\u00e9sitez pas \u00e0 me contacter via le formulaire ci-dessous ou par email.","og_url":"https:\/\/parentaliteandco.com\/?page_id=27","og_site_name":"Parentalit\u00e9 interg\u00e9n\u00e9rationnelle &amp; co","article_modified_time":"2025-04-30T06:09:27+00:00","twitter_card":"summary_large_image","twitter_misc":{"Dur\u00e9e de lecture estim\u00e9e":"1 minute"},"schema":{"@context":"https:\/\/schema.org","@graph":[{"@type":"WebPage","@id":"https:\/\/parentaliteandco.com\/?page_id=27","url":"https:\/\/parentaliteandco.com\/?page_id=27","name":"Contactez-Nous - Parentalit\u00e9 interg\u00e9n\u00e9rationnelle &amp; co","isPartOf":{"@id":"https:\/\/parentaliteandco.com\/#website"},"datePublished":"2025-03-31T09:34:00+00:00","dateModified":"2025-04-30T06:09:27+00:00","breadcrumb":{"@id":"https:\/\/parentaliteandco.com\/?page_id=27#breadcrumb"},"inLanguage":"fr-FR","potentialAction":[{"@type":"ReadAction","target":["https:\/\/parentaliteandco.com\/?page_id=27"]}]},{"@type":"BreadcrumbList","@id":"https:\/\/parentaliteandco.com\/?page_id=27#breadcrumb","itemListElement":[{"@type":"ListItem","position":1,"name":"Accueil","item":"https:\/\/parentaliteandco.com\/"},{"@type":"ListItem","position":2,"name":"Contactez-Nous"}]},{"@type":"WebSite","@id":"https:\/\/parentaliteandco.com\/#website","url":"https:\/\/parentaliteandco.com\/","name":"Parentalit\u00e9 interg\u00e9n\u00e9rationnelle &amp; co","description":"","publisher":{"@id":"https:\/\/parentaliteandco.com\/#organization"},"potentialAction":[{"@type":"SearchAction","target":{"@type":"EntryPoint","urlTemplate":"https:\/\/parentaliteandco.com\/?s={search_term_string}"},"query-input":{"@type":"PropertyValueSpecification","valueRequired":true,"valueName":"search_term_string"}}],"inLanguage":"fr-FR"},{"@type":"Organization","@id":"https:\/\/parentaliteandco.com\/#organization","name":"Parentalit\u00e9 interg\u00e9n\u00e9rationnelle &amp; co","url":"https:\/\/parentaliteandco.com\/","logo":{"@type":"ImageObject","inLanguage":"fr-FR","@id":"https:\/\/parentaliteandco.com\/#\/schema\/logo\/image\/","url":"https:\/\/parentaliteandco.com\/wp-content\/uploads\/2025\/03\/Parentalite_20250331_120207_0001.png","contentUrl":"https:\/\/parentaliteandco.com\/wp-content\/uploads\/2025\/03\/Parentalite_20250331_120207_0001.png","width":1563,"height":1563,"caption":"Parentalit\u00e9 interg\u00e9n\u00e9rationnelle &amp; co"},"image":{"@id":"https:\/\/parentaliteandco.com\/#\/schema\/logo\/image\/"}}]}},"_links":{"self":[{"href":"https:\/\/parentaliteandco.com\/index.php?rest_route=\/wp\/v2\/pages\/27","targetHints":{"allow":["GET"]}}],"collection":[{"href":"https:\/\/parentaliteandco.com\/index.php?rest_route=\/wp\/v2\/pages"}],"about":[{"href":"https:\/\/parentaliteandco.com\/index.php?rest_route=\/wp\/v2\/types\/page"}],"author":[{"embeddable":true,"href":"https:\/\/parentaliteandco.com\/index.php?rest_route=\/wp\/v2\/users\/2"}],"replies":[{"embeddable":true,"href":"https:\/\/parentaliteandco.com\/index.php?rest_route=%2Fwp%2Fv2%2Fcomments&post=27"}],"version-history":[{"count":10,"href":"https:\/\/parentaliteandco.com\/index.php?rest_route=\/wp\/v2\/pages\/27\/revisions"}],"predecessor-version":[{"id":391,"href":"https:\/\/parentaliteandco.com\/index.php?rest_route=\/wp\/v2\/pages\/27\/revisions\/391"}],"wp:attachment":[{"href":"https:\/\/parentaliteandco.com\/index.php?rest_route=%2Fwp%2Fv2%2Fmedia&parent=27"}],"curies":[{"name":"wp","href":"https:\/\/api.w.org\/{rel}","templated":true}]}}