{"id":25,"date":"2025-03-31T10:32:42","date_gmt":"2025-03-31T09:32:42","guid":{"rendered":"https:\/\/www.parentaliteandco.com\/?page_id=25"},"modified":"2025-04-30T17:07:15","modified_gmt":"2025-04-30T16:07:15","slug":"nos-ressources","status":"publish","type":"page","link":"https:\/\/parentaliteandco.com\/?page_id=25","title":{"rendered":"Nos ressources"},"content":{"rendered":"\n<div class=\"wp-block-group alignfull has-background has-global-padding is-content-justification-left is-layout-constrained wp-container-core-group-is-layout-edb45cc0 wp-block-group-is-layout-constrained\" style=\"background-color:#f7abf4a3;margin-top:0px;margin-bottom:0px;padding-top:70px;padding-right:50px;padding-bottom:100px;padding-left:50px\">\n<div class=\"wp-block-columns are-vertically-aligned-center is-layout-flex wp-container-core-columns-is-layout-28f84493 wp-block-columns-is-layout-flex\">\n<div class=\"wp-block-column is-vertically-aligned-center is-layout-flow wp-container-core-column-is-layout-a7fa7455 wp-block-column-is-layout-flow\" style=\"flex-basis:1050px\">\n<h2 class=\"wp-block-heading alignfull has-text-align-left has-text-color\" style=\"color:#000000;font-size:clamp(35.2px, 2.2rem + ((1vw - 3.2px) * 3.273), 64px);font-style:normal;font-weight:500\">Explorez nos ressources pour une parentalit\u00e9 \u00e9clair\u00e9e<\/h2>\n<\/div>\n<\/div>\n\n\n\n<hr class=\"wp-block-separator has-alpha-channel-opacity\"\/>\n<\/div>\n\n\n\n<div class=\"wp-block-group alignfull has-global-padding is-layout-constrained wp-block-group-is-layout-constrained\" style=\"margin-top:0px;margin-bottom:0px\">\n<p>Parce que l&rsquo;information et le soutien sont essentiels sur le chemin de la parentalit\u00e9, je mets \u00e0 votre disposition une vari\u00e9t\u00e9 de ressources pour vous accompagner au quotidien.<br><\/p>\n<\/div>\n\n\n\n<hr class=\"wp-block-separator has-alpha-channel-opacity\"\/>\n\n\n\n<div class=\"wp-block-group alignfull has-global-padding is-layout-constrained wp-container-core-group-is-layout-96e30fd9 wp-block-group-is-layout-constrained\" style=\"margin-top:10px;margin-bottom:10px;padding-right:50px;padding-left:50px\">\n<div class=\"wp-block-columns alignfull is-layout-flex wp-container-core-columns-is-layout-5327a6c6 wp-block-columns-is-layout-flex\" style=\"margin-top:0px;margin-bottom:0px;padding-right:60px;padding-left:60px\">\n<div class=\"wp-block-column is-layout-flow wp-container-core-column-is-layout-343acf9e wp-block-column-is-layout-flow\" style=\"flex-basis:50%\">\n<figure class=\"wp-block-image size-full is-style-rounded wp-duotone-purple-yellow\"><a href=\"https:\/\/www.parentaliteandco.com\/?page_id=332\"><img loading=\"lazy\" decoding=\"async\" width=\"3375\" height=\"3375\" src=\"https:\/\/www.parentaliteandco.com\/wp-content\/uploads\/2025\/04\/4_20250413_175539_0002.png\" alt=\"\" class=\"wp-image-104\" style=\"aspect-ratio:4\/3;object-fit:cover\" srcset=\"https:\/\/parentaliteandco.com\/wp-content\/uploads\/2025\/04\/4_20250413_175539_0002.png 3375w, https:\/\/parentaliteandco.com\/wp-content\/uploads\/2025\/04\/4_20250413_175539_0002-300x300.png 300w, https:\/\/parentaliteandco.com\/wp-content\/uploads\/2025\/04\/4_20250413_175539_0002-1024x1024.png 1024w, https:\/\/parentaliteandco.com\/wp-content\/uploads\/2025\/04\/4_20250413_175539_0002-150x150.png 150w, https:\/\/parentaliteandco.com\/wp-content\/uploads\/2025\/04\/4_20250413_175539_0002-768x768.png 768w, https:\/\/parentaliteandco.com\/wp-content\/uploads\/2025\/04\/4_20250413_175539_0002-1536x1536.png 1536w, https:\/\/parentaliteandco.com\/wp-content\/uploads\/2025\/04\/4_20250413_175539_0002-2048x2048.png 2048w\" sizes=\"auto, (max-width: 3375px) 100vw, 3375px\" \/><\/a><\/figure>\n\n\n\n<h3 class=\"wp-block-heading has-text-align-center has-text-color has-link-color wp-elements-1e966dabbd3f4797e671d6bb515aecfd\" style=\"color:#000000;font-size:clamp(18.959px, 1.185rem + ((1vw - 3.2px) * 1.255), 30px);font-style:normal;font-weight:400;text-decoration:none\"><strong>E-books<\/strong><\/h3>\n\n\n\n<p class=\"has-medium-font-size\">&nbsp;Des guides pratiques pour approfondir des th\u00e9matiques sp\u00e9cifiques de la parentalit\u00e9.<\/p>\n<\/div>\n\n\n\n<div class=\"wp-block-column is-layout-flow wp-container-core-column-is-layout-343acf9e wp-block-column-is-layout-flow\" style=\"flex-basis:50%\">\n<figure class=\"wp-block-image size-full is-style-rounded wp-duotone-grayscale\"><a href=\"https:\/\/www.parentaliteandco.com\/?page_id=334\"><img loading=\"lazy\" decoding=\"async\" width=\"1080\" height=\"1080\" src=\"https:\/\/www.parentaliteandco.com\/wp-content\/uploads\/2025\/04\/4_20250413_170419_0000.png\" alt=\"\" class=\"wp-image-98\" style=\"aspect-ratio:4\/3;object-fit:cover\" srcset=\"https:\/\/parentaliteandco.com\/wp-content\/uploads\/2025\/04\/4_20250413_170419_0000.png 1080w, https:\/\/parentaliteandco.com\/wp-content\/uploads\/2025\/04\/4_20250413_170419_0000-300x300.png 300w, https:\/\/parentaliteandco.com\/wp-content\/uploads\/2025\/04\/4_20250413_170419_0000-1024x1024.png 1024w, https:\/\/parentaliteandco.com\/wp-content\/uploads\/2025\/04\/4_20250413_170419_0000-150x150.png 150w, https:\/\/parentaliteandco.com\/wp-content\/uploads\/2025\/04\/4_20250413_170419_0000-768x768.png 768w\" sizes=\"auto, (max-width: 1080px) 100vw, 1080px\" \/><\/a><\/figure>\n\n\n\n<h3 class=\"wp-block-heading has-text-align-center has-text-color has-link-color wp-elements-9fff07ad731debe736eafd7c4b30c62e\" style=\"color:#000000;font-size:clamp(18.959px, 1.185rem + ((1vw - 3.2px) * 1.255), 30px);font-style:normal;font-weight:400;text-decoration:none\"><strong><strong>Tips &amp; Conseils<\/strong><\/strong><\/h3>\n\n\n\n<p class=\"has-medium-font-size\">Des astuces et des r\u00e9flexions pour une parentalit\u00e9 plus consciente et \u00e9panouissante.<\/p>\n<\/div>\n\n\n\n<div class=\"wp-block-column is-layout-flow wp-container-core-column-is-layout-343acf9e wp-block-column-is-layout-flow\" style=\"flex-basis:50%\">\n<figure class=\"wp-block-image size-full is-style-rounded wp-duotone-blue-red\"><a href=\"https:\/\/www.parentaliteandco.com\/?page_id=333\"><img loading=\"lazy\" decoding=\"async\" width=\"2048\" height=\"2560\" src=\"https:\/\/www.parentaliteandco.com\/wp-content\/uploads\/2025\/04\/2_20250429_190726_0000-2-scaled.png\" alt=\"\" class=\"wp-image-362\" style=\"aspect-ratio:4\/3;object-fit:cover\" srcset=\"https:\/\/parentaliteandco.com\/wp-content\/uploads\/2025\/04\/2_20250429_190726_0000-2-scaled.png 2048w, https:\/\/parentaliteandco.com\/wp-content\/uploads\/2025\/04\/2_20250429_190726_0000-2-240x300.png 240w, https:\/\/parentaliteandco.com\/wp-content\/uploads\/2025\/04\/2_20250429_190726_0000-2-819x1024.png 819w, https:\/\/parentaliteandco.com\/wp-content\/uploads\/2025\/04\/2_20250429_190726_0000-2-768x960.png 768w, https:\/\/parentaliteandco.com\/wp-content\/uploads\/2025\/04\/2_20250429_190726_0000-2-1229x1536.png 1229w, https:\/\/parentaliteandco.com\/wp-content\/uploads\/2025\/04\/2_20250429_190726_0000-2-1638x2048.png 1638w\" sizes=\"auto, (max-width: 2048px) 100vw, 2048px\" \/><\/a><\/figure>\n\n\n\n<h4 class=\"wp-block-heading has-text-color has-link-color wp-elements-3a358866161ce9b0572ceecc917760c2\" style=\"color:#000000;font-size:clamp(18.959px, 1.185rem + ((1vw - 3.2px) * 1.255), 30px);font-style:normal;font-weight:400;text-decoration:none\"><strong>Podcasts <\/strong><\/h4>\n\n\n\n<p class=\"has-medium-font-size\">Des \u00e9changes inspirants et des conseils concrets \u00e0 \u00e9couter o\u00f9 et quand vous voulez.<\/p>\n<\/div>\n<\/div>\n<\/div>\n\n\n\n<p><\/p>\n\n\n\n<div class=\"wp-block-group alignfull has-background has-global-padding is-layout-constrained wp-container-core-group-is-layout-a4112af1 wp-block-group-is-layout-constrained\" style=\"background-color:#28282a;margin-top:0px;padding-top:100px;padding-right:65px;padding-bottom:100px;padding-left:65px\"><\/div>\n\n\n\n<p><\/p>\n","protected":false},"excerpt":{"rendered":"<p>Explorez nos ressources pour une parentalit\u00e9 \u00e9clair\u00e9e Parce que l&rsquo;information et le soutien sont essentiels sur le chemin de la parentalit\u00e9, je mets \u00e0 votre disposition une vari\u00e9t\u00e9 de ressources pour vous accompagner au quotidien. E-books &nbsp;Des guides pratiques pour approfondir des th\u00e9matiques sp\u00e9cifiques de la parentalit\u00e9. Tips &amp; Conseils Des astuces et des r\u00e9flexions [&hellip;]<\/p>\n","protected":false},"author":2,"featured_media":0,"parent":0,"menu_order":0,"comment_status":"closed","ping_status":"closed","template":"","meta":{"footnotes":""},"class_list":["post-25","page","type-page","status-publish","hentry"],"yoast_head":"<!-- This site is optimized with the Yoast SEO plugin v27.2 - https:\/\/yoast.com\/product\/yoast-seo-wordpress\/ -->\n<title>Nos ressources - Parentalit\u00e9 interg\u00e9n\u00e9rationnelle &amp; co<\/title>\n<meta name=\"robots\" content=\"noindex, follow, max-snippet:-1, max-image-preview:large, max-video-preview:-1\" \/>\n<meta property=\"og:locale\" content=\"fr_FR\" \/>\n<meta property=\"og:type\" content=\"article\" \/>\n<meta property=\"og:title\" content=\"Nos ressources - Parentalit\u00e9 interg\u00e9n\u00e9rationnelle &amp; co\" \/>\n<meta property=\"og:description\" content=\"Explorez nos ressources pour une parentalit\u00e9 \u00e9clair\u00e9e Parce que l&rsquo;information et le soutien sont essentiels sur le chemin de la parentalit\u00e9, je mets \u00e0 votre disposition une vari\u00e9t\u00e9 de ressources pour vous accompagner au quotidien. E-books &nbsp;Des guides pratiques pour approfondir des th\u00e9matiques sp\u00e9cifiques de la parentalit\u00e9. Tips &amp; Conseils Des astuces et des r\u00e9flexions [&hellip;]\" \/>\n<meta property=\"og:url\" content=\"https:\/\/parentaliteandco.com\/?page_id=25\" \/>\n<meta property=\"og:site_name\" content=\"Parentalit\u00e9 interg\u00e9n\u00e9rationnelle &amp; co\" \/>\n<meta property=\"article:modified_time\" content=\"2025-04-30T16:07:15+00:00\" \/>\n<meta property=\"og:image\" content=\"https:\/\/www.parentaliteandco.com\/wp-content\/uploads\/2025\/04\/4_20250413_175539_0002.png\" \/>\n<meta name=\"twitter:card\" content=\"summary_large_image\" \/>\n<meta name=\"twitter:label1\" content=\"Dur\u00e9e de lecture estim\u00e9e\" \/>\n\t<meta name=\"twitter:data1\" content=\"1 minute\" \/>\n<script type=\"application\/ld+json\" class=\"yoast-schema-graph\">{\"@context\":\"https:\/\/schema.org\",\"@graph\":[{\"@type\":\"WebPage\",\"@id\":\"https:\/\/parentaliteandco.com\/?page_id=25\",\"url\":\"https:\/\/parentaliteandco.com\/?page_id=25\",\"name\":\"Nos ressources - Parentalit\u00e9 interg\u00e9n\u00e9rationnelle &amp; co\",\"isPartOf\":{\"@id\":\"https:\/\/parentaliteandco.com\/#website\"},\"primaryImageOfPage\":{\"@id\":\"https:\/\/parentaliteandco.com\/?page_id=25#primaryimage\"},\"image\":{\"@id\":\"https:\/\/parentaliteandco.com\/?page_id=25#primaryimage\"},\"thumbnailUrl\":\"https:\/\/www.parentaliteandco.com\/wp-content\/uploads\/2025\/04\/4_20250413_175539_0002.png\",\"datePublished\":\"2025-03-31T09:32:42+00:00\",\"dateModified\":\"2025-04-30T16:07:15+00:00\",\"breadcrumb\":{\"@id\":\"https:\/\/parentaliteandco.com\/?page_id=25#breadcrumb\"},\"inLanguage\":\"fr-FR\",\"potentialAction\":[{\"@type\":\"ReadAction\",\"target\":[\"https:\/\/parentaliteandco.com\/?page_id=25\"]}]},{\"@type\":\"ImageObject\",\"inLanguage\":\"fr-FR\",\"@id\":\"https:\/\/parentaliteandco.com\/?page_id=25#primaryimage\",\"url\":\"https:\/\/www.parentaliteandco.com\/wp-content\/uploads\/2025\/04\/4_20250413_175539_0002.png\",\"contentUrl\":\"https:\/\/www.parentaliteandco.com\/wp-content\/uploads\/2025\/04\/4_20250413_175539_0002.png\"},{\"@type\":\"BreadcrumbList\",\"@id\":\"https:\/\/parentaliteandco.com\/?page_id=25#breadcrumb\",\"itemListElement\":[{\"@type\":\"ListItem\",\"position\":1,\"name\":\"Accueil\",\"item\":\"https:\/\/parentaliteandco.com\/\"},{\"@type\":\"ListItem\",\"position\":2,\"name\":\"Nos ressources\"}]},{\"@type\":\"WebSite\",\"@id\":\"https:\/\/parentaliteandco.com\/#website\",\"url\":\"https:\/\/parentaliteandco.com\/\",\"name\":\"Parentalit\u00e9 interg\u00e9n\u00e9rationnelle &amp; co\",\"description\":\"\",\"publisher\":{\"@id\":\"https:\/\/parentaliteandco.com\/#organization\"},\"potentialAction\":[{\"@type\":\"SearchAction\",\"target\":{\"@type\":\"EntryPoint\",\"urlTemplate\":\"https:\/\/parentaliteandco.com\/?s={search_term_string}\"},\"query-input\":{\"@type\":\"PropertyValueSpecification\",\"valueRequired\":true,\"valueName\":\"search_term_string\"}}],\"inLanguage\":\"fr-FR\"},{\"@type\":\"Organization\",\"@id\":\"https:\/\/parentaliteandco.com\/#organization\",\"name\":\"Parentalit\u00e9 interg\u00e9n\u00e9rationnelle &amp; co\",\"url\":\"https:\/\/parentaliteandco.com\/\",\"logo\":{\"@type\":\"ImageObject\",\"inLanguage\":\"fr-FR\",\"@id\":\"https:\/\/parentaliteandco.com\/#\/schema\/logo\/image\/\",\"url\":\"https:\/\/parentaliteandco.com\/wp-content\/uploads\/2025\/03\/Parentalite_20250331_120207_0001.png\",\"contentUrl\":\"https:\/\/parentaliteandco.com\/wp-content\/uploads\/2025\/03\/Parentalite_20250331_120207_0001.png\",\"width\":1563,\"height\":1563,\"caption\":\"Parentalit\u00e9 interg\u00e9n\u00e9rationnelle &amp; co\"},\"image\":{\"@id\":\"https:\/\/parentaliteandco.com\/#\/schema\/logo\/image\/\"}}]}<\/script>\n<!-- \/ Yoast SEO plugin. -->","yoast_head_json":{"title":"Nos ressources - Parentalit\u00e9 interg\u00e9n\u00e9rationnelle &amp; co","robots":{"index":"noindex","follow":"follow","max-snippet":"max-snippet:-1","max-image-preview":"max-image-preview:large","max-video-preview":"max-video-preview:-1"},"og_locale":"fr_FR","og_type":"article","og_title":"Nos ressources - Parentalit\u00e9 interg\u00e9n\u00e9rationnelle &amp; co","og_description":"Explorez nos ressources pour une parentalit\u00e9 \u00e9clair\u00e9e Parce que l&rsquo;information et le soutien sont essentiels sur le chemin de la parentalit\u00e9, je mets \u00e0 votre disposition une vari\u00e9t\u00e9 de ressources pour vous accompagner au quotidien. E-books &nbsp;Des guides pratiques pour approfondir des th\u00e9matiques sp\u00e9cifiques de la parentalit\u00e9. Tips &amp; Conseils Des astuces et des r\u00e9flexions [&hellip;]","og_url":"https:\/\/parentaliteandco.com\/?page_id=25","og_site_name":"Parentalit\u00e9 interg\u00e9n\u00e9rationnelle &amp; co","article_modified_time":"2025-04-30T16:07:15+00:00","og_image":[{"url":"https:\/\/www.parentaliteandco.com\/wp-content\/uploads\/2025\/04\/4_20250413_175539_0002.png","type":"","width":"","height":""}],"twitter_card":"summary_large_image","twitter_misc":{"Dur\u00e9e de lecture estim\u00e9e":"1 minute"},"schema":{"@context":"https:\/\/schema.org","@graph":[{"@type":"WebPage","@id":"https:\/\/parentaliteandco.com\/?page_id=25","url":"https:\/\/parentaliteandco.com\/?page_id=25","name":"Nos ressources - Parentalit\u00e9 interg\u00e9n\u00e9rationnelle &amp; co","isPartOf":{"@id":"https:\/\/parentaliteandco.com\/#website"},"primaryImageOfPage":{"@id":"https:\/\/parentaliteandco.com\/?page_id=25#primaryimage"},"image":{"@id":"https:\/\/parentaliteandco.com\/?page_id=25#primaryimage"},"thumbnailUrl":"https:\/\/www.parentaliteandco.com\/wp-content\/uploads\/2025\/04\/4_20250413_175539_0002.png","datePublished":"2025-03-31T09:32:42+00:00","dateModified":"2025-04-30T16:07:15+00:00","breadcrumb":{"@id":"https:\/\/parentaliteandco.com\/?page_id=25#breadcrumb"},"inLanguage":"fr-FR","potentialAction":[{"@type":"ReadAction","target":["https:\/\/parentaliteandco.com\/?page_id=25"]}]},{"@type":"ImageObject","inLanguage":"fr-FR","@id":"https:\/\/parentaliteandco.com\/?page_id=25#primaryimage","url":"https:\/\/www.parentaliteandco.com\/wp-content\/uploads\/2025\/04\/4_20250413_175539_0002.png","contentUrl":"https:\/\/www.parentaliteandco.com\/wp-content\/uploads\/2025\/04\/4_20250413_175539_0002.png"},{"@type":"BreadcrumbList","@id":"https:\/\/parentaliteandco.com\/?page_id=25#breadcrumb","itemListElement":[{"@type":"ListItem","position":1,"name":"Accueil","item":"https:\/\/parentaliteandco.com\/"},{"@type":"ListItem","position":2,"name":"Nos ressources"}]},{"@type":"WebSite","@id":"https:\/\/parentaliteandco.com\/#website","url":"https:\/\/parentaliteandco.com\/","name":"Parentalit\u00e9 interg\u00e9n\u00e9rationnelle &amp; co","description":"","publisher":{"@id":"https:\/\/parentaliteandco.com\/#organization"},"potentialAction":[{"@type":"SearchAction","target":{"@type":"EntryPoint","urlTemplate":"https:\/\/parentaliteandco.com\/?s={search_term_string}"},"query-input":{"@type":"PropertyValueSpecification","valueRequired":true,"valueName":"search_term_string"}}],"inLanguage":"fr-FR"},{"@type":"Organization","@id":"https:\/\/parentaliteandco.com\/#organization","name":"Parentalit\u00e9 interg\u00e9n\u00e9rationnelle &amp; co","url":"https:\/\/parentaliteandco.com\/","logo":{"@type":"ImageObject","inLanguage":"fr-FR","@id":"https:\/\/parentaliteandco.com\/#\/schema\/logo\/image\/","url":"https:\/\/parentaliteandco.com\/wp-content\/uploads\/2025\/03\/Parentalite_20250331_120207_0001.png","contentUrl":"https:\/\/parentaliteandco.com\/wp-content\/uploads\/2025\/03\/Parentalite_20250331_120207_0001.png","width":1563,"height":1563,"caption":"Parentalit\u00e9 interg\u00e9n\u00e9rationnelle &amp; co"},"image":{"@id":"https:\/\/parentaliteandco.com\/#\/schema\/logo\/image\/"}}]}},"_links":{"self":[{"href":"https:\/\/parentaliteandco.com\/index.php?rest_route=\/wp\/v2\/pages\/25","targetHints":{"allow":["GET"]}}],"collection":[{"href":"https:\/\/parentaliteandco.com\/index.php?rest_route=\/wp\/v2\/pages"}],"about":[{"href":"https:\/\/parentaliteandco.com\/index.php?rest_route=\/wp\/v2\/types\/page"}],"author":[{"embeddable":true,"href":"https:\/\/parentaliteandco.com\/index.php?rest_route=\/wp\/v2\/users\/2"}],"replies":[{"embeddable":true,"href":"https:\/\/parentaliteandco.com\/index.php?rest_route=%2Fwp%2Fv2%2Fcomments&post=25"}],"version-history":[{"count":13,"href":"https:\/\/parentaliteandco.com\/index.php?rest_route=\/wp\/v2\/pages\/25\/revisions"}],"predecessor-version":[{"id":406,"href":"https:\/\/parentaliteandco.com\/index.php?rest_route=\/wp\/v2\/pages\/25\/revisions\/406"}],"wp:attachment":[{"href":"https:\/\/parentaliteandco.com\/index.php?rest_route=%2Fwp%2Fv2%2Fmedia&parent=25"}],"curies":[{"name":"wp","href":"https:\/\/api.w.org\/{rel}","templated":true}]}}