{"id":23,"date":"2025-03-31T10:30:03","date_gmt":"2025-03-31T09:30:03","guid":{"rendered":"https:\/\/www.parentaliteandco.com\/?page_id=23"},"modified":"2025-04-30T17:04:39","modified_gmt":"2025-04-30T16:04:39","slug":"services","status":"publish","type":"page","link":"https:\/\/parentaliteandco.com\/?page_id=23","title":{"rendered":"Services"},"content":{"rendered":"\n<div class=\"wp-block-cover alignfull is-light\" style=\"margin-top:0;margin-bottom:0;padding-top:0px;padding-bottom:80px;min-height:106px;aspect-ratio:unset;\"><img decoding=\"async\" class=\"wp-block-cover__image-background wp-image-4206\" alt=\"\" src=\"https:\/\/tyler.com\/wp-content\/uploads\/2023\/12\/surf-banner1.jpg\" style=\"object-position:80% 37%\" data-object-fit=\"cover\" data-object-position=\"80% 37%\"\/><span aria-hidden=\"true\" class=\"wp-block-cover__background has-background-dim-100 has-background-dim\" style=\"background-color:#e8f4f8\"><\/span><div class=\"wp-block-cover__inner-container has-global-padding is-layout-constrained wp-container-core-cover-is-layout-d4c6b484 wp-block-cover-is-layout-constrained\">\n<h1 class=\"wp-block-heading has-text-align-center has-text-color has-link-color has-suranna-font-family wp-elements-b2973e746a7fa789f7bd6e12d695b1fd\" style=\"color:#060606;font-size:clamp(25.5px, 1.594rem + ((1vw - 3.2px) * 1.989), 43px);font-style:normal;font-weight:500\"><\/h1>\n<\/div><\/div>\n\n\n\n<h2 class=\"wp-block-heading has-text-align-left has-x-large-font-size\">Nos Accompagnements pour Cultiver l&rsquo;Harmonie Familiale<\/h2>\n\n\n\n<p>Nous proposons une gamme de services con\u00e7us pour r\u00e9pondre aux d\u00e9fis uniques de chaque famille et renforcer les liens entre les g\u00e9n\u00e9rations. Mon approche est bas\u00e9e sur la discipline positive, le coaching parental et une compr\u00e9hension profonde des dynamiques interg\u00e9n\u00e9rationnelles.<br><\/p>\n\n\n\n<h3 class=\"wp-block-heading has-text-color has-background has-link-color wp-elements-d5608439ffbd155e185b8dca84b9b577\" style=\"color:#060606;background-color:#e8f4f8\"><strong>Coaching Parental Personnalis\u00e9<\/strong><\/h3>\n\n\n\n<div class=\"wp-block-columns are-vertically-aligned-top is-layout-flex wp-container-core-columns-is-layout-28f84493 wp-block-columns-is-layout-flex\">\n<div class=\"wp-block-column is-vertically-aligned-top is-layout-flow wp-block-column-is-layout-flow\" style=\"flex-basis:50%\">\n<figure class=\"wp-block-image is-resized\"><img loading=\"lazy\" decoding=\"async\" width=\"819\" height=\"1024\" src=\"https:\/\/www.parentaliteandco.com\/wp-content\/uploads\/2025\/04\/4_20250429_090716_0001-1-819x1024.png\" alt=\"\" class=\"wp-image-304\" style=\"width:287px;height:auto\" srcset=\"https:\/\/parentaliteandco.com\/wp-content\/uploads\/2025\/04\/4_20250429_090716_0001-1-819x1024.png 819w, https:\/\/parentaliteandco.com\/wp-content\/uploads\/2025\/04\/4_20250429_090716_0001-1-240x300.png 240w, https:\/\/parentaliteandco.com\/wp-content\/uploads\/2025\/04\/4_20250429_090716_0001-1-768x960.png 768w, https:\/\/parentaliteandco.com\/wp-content\/uploads\/2025\/04\/4_20250429_090716_0001-1-1229x1536.png 1229w, https:\/\/parentaliteandco.com\/wp-content\/uploads\/2025\/04\/4_20250429_090716_0001-1-1638x2048.png 1638w, https:\/\/parentaliteandco.com\/wp-content\/uploads\/2025\/04\/4_20250429_090716_0001-1-scaled.png 2048w\" sizes=\"auto, (max-width: 819px) 100vw, 819px\" \/><\/figure>\n<\/div>\n\n\n\n<div class=\"wp-block-column is-vertically-aligned-top is-layout-flow wp-block-column-is-layout-flow\" style=\"flex-basis:50%\">\n<p><strong>Description :<\/strong> Un accompagnement individuel et sur mesure pour les parents confront\u00e9s \u00e0 des difficult\u00e9s sp\u00e9cifiques (gestion des \u00e9motions, communication, conflits, etc.). Je vous offre un espace d&rsquo;\u00e9coute et des outils concrets pour d\u00e9velopper une parentalit\u00e9 confiante et bienveillante, en tenant compte de votre histoire familiale et de vos valeurs.<\/p>\n\n\n\n<p><strong>B\u00e9n\u00e9fices :<\/strong> Clarification de vos objectifs parentaux, d\u00e9veloppement de strat\u00e9gies \u00e9ducatives efficaces, am\u00e9lioration de la communication familiale, gestion des comportements difficiles, renforcement du lien parent-enfant.<\/p>\n<\/div>\n<\/div>\n\n\n\n<h3 class=\"wp-block-heading has-background\" style=\"background-color:#e8f4f8\"><strong>Discipline Positive<\/strong><\/h3>\n\n\n\n<div class=\"wp-block-cover\"><img loading=\"lazy\" decoding=\"async\" width=\"1024\" height=\"1024\" class=\"wp-block-cover__image-background wp-image-103\" alt=\"\" src=\"https:\/\/www.parentaliteandco.com\/wp-content\/uploads\/2025\/04\/3_20250413_175539_0001-1024x1024.png\" data-object-fit=\"cover\" srcset=\"https:\/\/parentaliteandco.com\/wp-content\/uploads\/2025\/04\/3_20250413_175539_0001-1024x1024.png 1024w, https:\/\/parentaliteandco.com\/wp-content\/uploads\/2025\/04\/3_20250413_175539_0001-300x300.png 300w, https:\/\/parentaliteandco.com\/wp-content\/uploads\/2025\/04\/3_20250413_175539_0001-150x150.png 150w, https:\/\/parentaliteandco.com\/wp-content\/uploads\/2025\/04\/3_20250413_175539_0001-768x768.png 768w, https:\/\/parentaliteandco.com\/wp-content\/uploads\/2025\/04\/3_20250413_175539_0001-1536x1536.png 1536w, https:\/\/parentaliteandco.com\/wp-content\/uploads\/2025\/04\/3_20250413_175539_0001-2048x2048.png 2048w\" sizes=\"auto, (max-width: 1024px) 100vw, 1024px\" \/><span aria-hidden=\"true\" class=\"wp-block-cover__background has-background-dim\"><\/span><div class=\"wp-block-cover__inner-container is-layout-flow wp-block-cover-is-layout-flow\">\n<p><strong>Description :<\/strong> Des ateliers et des s\u00e9ances individuelles pour d\u00e9couvrir et int\u00e9grer les principes de la discipline positive : une approche \u00e9ducative ni permissive ni punitive, bas\u00e9e sur le respect mutuel, la coop\u00e9ration et la r\u00e9solution de probl\u00e8mes.<\/p>\n\n\n\n<p><strong>B\u00e9n\u00e9fices :<\/strong> D\u00e9veloppement de l&rsquo;autonomie et de la responsabilit\u00e9 chez l&rsquo;enfant, am\u00e9lioration du climat familial, r\u00e9duction des conflits, acquisition d&rsquo;outils de communication efficaces, compr\u00e9hension des besoins de l&rsquo;enfant.<\/p>\n<\/div><\/div>\n\n\n\n<h3 class=\"wp-block-heading has-background\" style=\"background-color:#e8f4f8\"><strong>Accompagnement Interg\u00e9n\u00e9rationnel<\/strong><\/h3>\n\n\n\n<div class=\"wp-block-media-text alignwide is-stacked-on-mobile is-vertically-aligned-center\"><figure class=\"wp-block-media-text__media\"><img loading=\"lazy\" decoding=\"async\" width=\"819\" height=\"1024\" src=\"https:\/\/www.parentaliteandco.com\/wp-content\/uploads\/2025\/04\/2_20250427_183907_0001-1-819x1024.png\" alt=\"\" class=\"wp-image-238 size-full\" srcset=\"https:\/\/parentaliteandco.com\/wp-content\/uploads\/2025\/04\/2_20250427_183907_0001-1-819x1024.png 819w, https:\/\/parentaliteandco.com\/wp-content\/uploads\/2025\/04\/2_20250427_183907_0001-1-240x300.png 240w, https:\/\/parentaliteandco.com\/wp-content\/uploads\/2025\/04\/2_20250427_183907_0001-1-768x960.png 768w, https:\/\/parentaliteandco.com\/wp-content\/uploads\/2025\/04\/2_20250427_183907_0001-1-1229x1536.png 1229w, https:\/\/parentaliteandco.com\/wp-content\/uploads\/2025\/04\/2_20250427_183907_0001-1-1638x2048.png 1638w, https:\/\/parentaliteandco.com\/wp-content\/uploads\/2025\/04\/2_20250427_183907_0001-1-scaled.png 2048w\" sizes=\"auto, (max-width: 819px) 100vw, 819px\" \/><\/figure><div class=\"wp-block-media-text__content\">\n<p><strong>Description :<\/strong> Un accompagnement sp\u00e9cifique pour renforcer les liens entre les diff\u00e9rentes g\u00e9n\u00e9rations de votre famille (parents-enfants, grands-parents-petits-enfants, \u2026). Nous explorons ensemble les dynamiques familiales, les transmissions interg\u00e9n\u00e9rationnelles et les moyens de cr\u00e9er une communication fluide et enrichissante pour tous.<\/p>\n\n\n\n<p><strong>B\u00e9n\u00e9fices :<\/strong> Meilleure compr\u00e9hension des r\u00f4les et des attentes de chacun, r\u00e9solution des tensions interg\u00e9n\u00e9rationnelles, valorisation des exp\u00e9riences de chaque g\u00e9n\u00e9ration, transmission positive des valeurs familiales, renforcement du sentiment d&rsquo;appartenance.<\/p>\n<\/div><\/div>\n\n\n\n<h3 class=\"wp-block-heading has-background\" style=\"background-color:#e1f1f6\"><strong>Ateliers Th\u00e9matiques<\/strong><\/h3>\n\n\n\n<div class=\"wp-block-media-text alignwide has-media-on-the-right is-stacked-on-mobile is-vertically-aligned-top\"><div class=\"wp-block-media-text__content\">\n<p><strong>Description :<\/strong> Des sessions collectives abordant des th\u00e9matiques sp\u00e9cifiques de la parentalit\u00e9 (gestion des \u00e9crans, sommeil de l&rsquo;enfant, communication non-violente, etc.). Ces ateliers offrent un espace d&rsquo;apprentissage, d&rsquo;\u00e9change et de partage d&rsquo;exp\u00e9riences avec d&rsquo;autres parents.&nbsp;<\/p>\n\n\n\n<p><strong>B\u00e9n\u00e9fices :<\/strong> Acquisition de connaissances et d&rsquo;outils pratiques, partage d&rsquo;exp\u00e9riences avec d&rsquo;autres parents, soutien et motivation, d\u00e9veloppement de nouvelles comp\u00e9tences parentales.<\/p>\n<\/div><figure class=\"wp-block-media-text__media\"><img loading=\"lazy\" decoding=\"async\" width=\"1024\" height=\"1024\" src=\"https:\/\/www.parentaliteandco.com\/wp-content\/uploads\/2025\/04\/3_20250413_185145_0002-1024x1024.png\" alt=\"\" class=\"wp-image-116 size-full\" srcset=\"https:\/\/parentaliteandco.com\/wp-content\/uploads\/2025\/04\/3_20250413_185145_0002-1024x1024.png 1024w, https:\/\/parentaliteandco.com\/wp-content\/uploads\/2025\/04\/3_20250413_185145_0002-300x300.png 300w, https:\/\/parentaliteandco.com\/wp-content\/uploads\/2025\/04\/3_20250413_185145_0002-150x150.png 150w, https:\/\/parentaliteandco.com\/wp-content\/uploads\/2025\/04\/3_20250413_185145_0002-768x768.png 768w, https:\/\/parentaliteandco.com\/wp-content\/uploads\/2025\/04\/3_20250413_185145_0002-1536x1536.png 1536w, https:\/\/parentaliteandco.com\/wp-content\/uploads\/2025\/04\/3_20250413_185145_0002-2048x2048.png 2048w\" sizes=\"auto, (max-width: 1024px) 100vw, 1024px\" \/><\/figure><\/div>\n\n\n\n<div class=\"wp-block-buttons is-layout-flex wp-block-buttons-is-layout-flex\">\n<div class=\"wp-block-button\"><a class=\"wp-block-button__link has-text-color has-background has-link-color wp-element-button\" href=\"https:\/\/www.parentaliteandco.com\/?page_id=27\" style=\"color:#060606;background-color:#e8f4f8\"><strong>Prendre Rendez-vous<\/strong><\/a><\/div>\n<\/div>\n\n\n\n<p><\/p>\n","protected":false},"excerpt":{"rendered":"<p>Nos Accompagnements pour Cultiver l&rsquo;Harmonie Familiale Nous proposons une gamme de services con\u00e7us pour r\u00e9pondre aux d\u00e9fis uniques de chaque famille et renforcer les liens entre les g\u00e9n\u00e9rations. Mon approche est bas\u00e9e sur la discipline positive, le coaching parental et une compr\u00e9hension profonde des dynamiques interg\u00e9n\u00e9rationnelles. Coaching Parental Personnalis\u00e9 Description : Un accompagnement individuel et [&hellip;]<\/p>\n","protected":false},"author":2,"featured_media":0,"parent":0,"menu_order":0,"comment_status":"closed","ping_status":"closed","template":"","meta":{"footnotes":""},"class_list":["post-23","page","type-page","status-publish","hentry"],"yoast_head":"<!-- This site is optimized with the Yoast SEO plugin v27.2 - https:\/\/yoast.com\/product\/yoast-seo-wordpress\/ -->\n<title>Services - Parentalit\u00e9 interg\u00e9n\u00e9rationnelle &amp; co<\/title>\n<meta name=\"robots\" content=\"noindex, follow, max-snippet:-1, max-image-preview:large, max-video-preview:-1\" \/>\n<meta property=\"og:locale\" content=\"fr_FR\" \/>\n<meta property=\"og:type\" content=\"article\" \/>\n<meta property=\"og:title\" content=\"Services - Parentalit\u00e9 interg\u00e9n\u00e9rationnelle &amp; co\" \/>\n<meta property=\"og:description\" content=\"Nos Accompagnements pour Cultiver l&rsquo;Harmonie Familiale Nous proposons une gamme de services con\u00e7us pour r\u00e9pondre aux d\u00e9fis uniques de chaque famille et renforcer les liens entre les g\u00e9n\u00e9rations. Mon approche est bas\u00e9e sur la discipline positive, le coaching parental et une compr\u00e9hension profonde des dynamiques interg\u00e9n\u00e9rationnelles. Coaching Parental Personnalis\u00e9 Description : Un accompagnement individuel et [&hellip;]\" \/>\n<meta property=\"og:url\" content=\"https:\/\/parentaliteandco.com\/?page_id=23\" \/>\n<meta property=\"og:site_name\" content=\"Parentalit\u00e9 interg\u00e9n\u00e9rationnelle &amp; co\" \/>\n<meta property=\"article:modified_time\" content=\"2025-04-30T16:04:39+00:00\" \/>\n<meta property=\"og:image\" content=\"https:\/\/tyler.com\/wp-content\/uploads\/2023\/12\/surf-banner1.jpg\" \/>\n<meta name=\"twitter:card\" content=\"summary_large_image\" \/>\n<meta name=\"twitter:label1\" content=\"Dur\u00e9e de lecture estim\u00e9e\" \/>\n\t<meta name=\"twitter:data1\" content=\"3 minutes\" \/>\n<script type=\"application\/ld+json\" class=\"yoast-schema-graph\">{\"@context\":\"https:\/\/schema.org\",\"@graph\":[{\"@type\":\"WebPage\",\"@id\":\"https:\/\/parentaliteandco.com\/?page_id=23\",\"url\":\"https:\/\/parentaliteandco.com\/?page_id=23\",\"name\":\"Services - Parentalit\u00e9 interg\u00e9n\u00e9rationnelle &amp; co\",\"isPartOf\":{\"@id\":\"https:\/\/parentaliteandco.com\/#website\"},\"primaryImageOfPage\":{\"@id\":\"https:\/\/parentaliteandco.com\/?page_id=23#primaryimage\"},\"image\":{\"@id\":\"https:\/\/parentaliteandco.com\/?page_id=23#primaryimage\"},\"thumbnailUrl\":\"https:\/\/tyler.com\/wp-content\/uploads\/2023\/12\/surf-banner1.jpg\",\"datePublished\":\"2025-03-31T09:30:03+00:00\",\"dateModified\":\"2025-04-30T16:04:39+00:00\",\"breadcrumb\":{\"@id\":\"https:\/\/parentaliteandco.com\/?page_id=23#breadcrumb\"},\"inLanguage\":\"fr-FR\",\"potentialAction\":[{\"@type\":\"ReadAction\",\"target\":[\"https:\/\/parentaliteandco.com\/?page_id=23\"]}]},{\"@type\":\"ImageObject\",\"inLanguage\":\"fr-FR\",\"@id\":\"https:\/\/parentaliteandco.com\/?page_id=23#primaryimage\",\"url\":\"https:\/\/tyler.com\/wp-content\/uploads\/2023\/12\/surf-banner1.jpg\",\"contentUrl\":\"https:\/\/tyler.com\/wp-content\/uploads\/2023\/12\/surf-banner1.jpg\"},{\"@type\":\"BreadcrumbList\",\"@id\":\"https:\/\/parentaliteandco.com\/?page_id=23#breadcrumb\",\"itemListElement\":[{\"@type\":\"ListItem\",\"position\":1,\"name\":\"Accueil\",\"item\":\"https:\/\/parentaliteandco.com\/\"},{\"@type\":\"ListItem\",\"position\":2,\"name\":\"Services\"}]},{\"@type\":\"WebSite\",\"@id\":\"https:\/\/parentaliteandco.com\/#website\",\"url\":\"https:\/\/parentaliteandco.com\/\",\"name\":\"Parentalit\u00e9 interg\u00e9n\u00e9rationnelle &amp; co\",\"description\":\"\",\"publisher\":{\"@id\":\"https:\/\/parentaliteandco.com\/#organization\"},\"potentialAction\":[{\"@type\":\"SearchAction\",\"target\":{\"@type\":\"EntryPoint\",\"urlTemplate\":\"https:\/\/parentaliteandco.com\/?s={search_term_string}\"},\"query-input\":{\"@type\":\"PropertyValueSpecification\",\"valueRequired\":true,\"valueName\":\"search_term_string\"}}],\"inLanguage\":\"fr-FR\"},{\"@type\":\"Organization\",\"@id\":\"https:\/\/parentaliteandco.com\/#organization\",\"name\":\"Parentalit\u00e9 interg\u00e9n\u00e9rationnelle &amp; co\",\"url\":\"https:\/\/parentaliteandco.com\/\",\"logo\":{\"@type\":\"ImageObject\",\"inLanguage\":\"fr-FR\",\"@id\":\"https:\/\/parentaliteandco.com\/#\/schema\/logo\/image\/\",\"url\":\"https:\/\/parentaliteandco.com\/wp-content\/uploads\/2025\/03\/Parentalite_20250331_120207_0001.png\",\"contentUrl\":\"https:\/\/parentaliteandco.com\/wp-content\/uploads\/2025\/03\/Parentalite_20250331_120207_0001.png\",\"width\":1563,\"height\":1563,\"caption\":\"Parentalit\u00e9 interg\u00e9n\u00e9rationnelle &amp; co\"},\"image\":{\"@id\":\"https:\/\/parentaliteandco.com\/#\/schema\/logo\/image\/\"}}]}<\/script>\n<!-- \/ Yoast SEO plugin. -->","yoast_head_json":{"title":"Services - Parentalit\u00e9 interg\u00e9n\u00e9rationnelle &amp; co","robots":{"index":"noindex","follow":"follow","max-snippet":"max-snippet:-1","max-image-preview":"max-image-preview:large","max-video-preview":"max-video-preview:-1"},"og_locale":"fr_FR","og_type":"article","og_title":"Services - Parentalit\u00e9 interg\u00e9n\u00e9rationnelle &amp; co","og_description":"Nos Accompagnements pour Cultiver l&rsquo;Harmonie Familiale Nous proposons une gamme de services con\u00e7us pour r\u00e9pondre aux d\u00e9fis uniques de chaque famille et renforcer les liens entre les g\u00e9n\u00e9rations. Mon approche est bas\u00e9e sur la discipline positive, le coaching parental et une compr\u00e9hension profonde des dynamiques interg\u00e9n\u00e9rationnelles. Coaching Parental Personnalis\u00e9 Description : Un accompagnement individuel et [&hellip;]","og_url":"https:\/\/parentaliteandco.com\/?page_id=23","og_site_name":"Parentalit\u00e9 interg\u00e9n\u00e9rationnelle &amp; co","article_modified_time":"2025-04-30T16:04:39+00:00","og_image":[{"url":"https:\/\/tyler.com\/wp-content\/uploads\/2023\/12\/surf-banner1.jpg","type":"","width":"","height":""}],"twitter_card":"summary_large_image","twitter_misc":{"Dur\u00e9e de lecture estim\u00e9e":"3 minutes"},"schema":{"@context":"https:\/\/schema.org","@graph":[{"@type":"WebPage","@id":"https:\/\/parentaliteandco.com\/?page_id=23","url":"https:\/\/parentaliteandco.com\/?page_id=23","name":"Services - Parentalit\u00e9 interg\u00e9n\u00e9rationnelle &amp; co","isPartOf":{"@id":"https:\/\/parentaliteandco.com\/#website"},"primaryImageOfPage":{"@id":"https:\/\/parentaliteandco.com\/?page_id=23#primaryimage"},"image":{"@id":"https:\/\/parentaliteandco.com\/?page_id=23#primaryimage"},"thumbnailUrl":"https:\/\/tyler.com\/wp-content\/uploads\/2023\/12\/surf-banner1.jpg","datePublished":"2025-03-31T09:30:03+00:00","dateModified":"2025-04-30T16:04:39+00:00","breadcrumb":{"@id":"https:\/\/parentaliteandco.com\/?page_id=23#breadcrumb"},"inLanguage":"fr-FR","potentialAction":[{"@type":"ReadAction","target":["https:\/\/parentaliteandco.com\/?page_id=23"]}]},{"@type":"ImageObject","inLanguage":"fr-FR","@id":"https:\/\/parentaliteandco.com\/?page_id=23#primaryimage","url":"https:\/\/tyler.com\/wp-content\/uploads\/2023\/12\/surf-banner1.jpg","contentUrl":"https:\/\/tyler.com\/wp-content\/uploads\/2023\/12\/surf-banner1.jpg"},{"@type":"BreadcrumbList","@id":"https:\/\/parentaliteandco.com\/?page_id=23#breadcrumb","itemListElement":[{"@type":"ListItem","position":1,"name":"Accueil","item":"https:\/\/parentaliteandco.com\/"},{"@type":"ListItem","position":2,"name":"Services"}]},{"@type":"WebSite","@id":"https:\/\/parentaliteandco.com\/#website","url":"https:\/\/parentaliteandco.com\/","name":"Parentalit\u00e9 interg\u00e9n\u00e9rationnelle &amp; co","description":"","publisher":{"@id":"https:\/\/parentaliteandco.com\/#organization"},"potentialAction":[{"@type":"SearchAction","target":{"@type":"EntryPoint","urlTemplate":"https:\/\/parentaliteandco.com\/?s={search_term_string}"},"query-input":{"@type":"PropertyValueSpecification","valueRequired":true,"valueName":"search_term_string"}}],"inLanguage":"fr-FR"},{"@type":"Organization","@id":"https:\/\/parentaliteandco.com\/#organization","name":"Parentalit\u00e9 interg\u00e9n\u00e9rationnelle &amp; co","url":"https:\/\/parentaliteandco.com\/","logo":{"@type":"ImageObject","inLanguage":"fr-FR","@id":"https:\/\/parentaliteandco.com\/#\/schema\/logo\/image\/","url":"https:\/\/parentaliteandco.com\/wp-content\/uploads\/2025\/03\/Parentalite_20250331_120207_0001.png","contentUrl":"https:\/\/parentaliteandco.com\/wp-content\/uploads\/2025\/03\/Parentalite_20250331_120207_0001.png","width":1563,"height":1563,"caption":"Parentalit\u00e9 interg\u00e9n\u00e9rationnelle &amp; co"},"image":{"@id":"https:\/\/parentaliteandco.com\/#\/schema\/logo\/image\/"}}]}},"_links":{"self":[{"href":"https:\/\/parentaliteandco.com\/index.php?rest_route=\/wp\/v2\/pages\/23","targetHints":{"allow":["GET"]}}],"collection":[{"href":"https:\/\/parentaliteandco.com\/index.php?rest_route=\/wp\/v2\/pages"}],"about":[{"href":"https:\/\/parentaliteandco.com\/index.php?rest_route=\/wp\/v2\/types\/page"}],"author":[{"embeddable":true,"href":"https:\/\/parentaliteandco.com\/index.php?rest_route=\/wp\/v2\/users\/2"}],"replies":[{"embeddable":true,"href":"https:\/\/parentaliteandco.com\/index.php?rest_route=%2Fwp%2Fv2%2Fcomments&post=23"}],"version-history":[{"count":22,"href":"https:\/\/parentaliteandco.com\/index.php?rest_route=\/wp\/v2\/pages\/23\/revisions"}],"predecessor-version":[{"id":404,"href":"https:\/\/parentaliteandco.com\/index.php?rest_route=\/wp\/v2\/pages\/23\/revisions\/404"}],"wp:attachment":[{"href":"https:\/\/parentaliteandco.com\/index.php?rest_route=%2Fwp%2Fv2%2Fmedia&parent=23"}],"curies":[{"name":"wp","href":"https:\/\/api.w.org\/{rel}","templated":true}]}}